{"id":4960,"date":"2020-06-18T14:47:07","date_gmt":"2020-06-18T14:47:07","guid":{"rendered":"https:\/\/www.mondovicino.it\/offerte\/"},"modified":"2025-05-07T19:06:49","modified_gmt":"2025-05-07T17:06:49","slug":"offres","status":"publish","type":"page","link":"https:\/\/mondovicino.it\/fr\/offres\/","title":{"rendered":"Offres"},"content":{"rendered":"\t\t<div data-elementor-type=\"wp-page\" data-elementor-id=\"4960\" class=\"elementor elementor-4960 elementor-927\" data-elementor-post-type=\"page\">\n\t\t\t\t\t\t<section class=\"elementor-section elementor-top-section elementor-element elementor-element-7120337 elementor-section-boxed elementor-section-height-default elementor-section-height-default\" data-id=\"7120337\" data-element_type=\"section\" data-settings=\"{&quot;jet_parallax_layout_list&quot;:[{&quot;jet_parallax_layout_image&quot;:{&quot;url&quot;:&quot;&quot;,&quot;id&quot;:&quot;&quot;,&quot;size&quot;:&quot;&quot;},&quot;_id&quot;:&quot;6b02386&quot;,&quot;jet_parallax_layout_image_tablet&quot;:{&quot;url&quot;:&quot;&quot;,&quot;id&quot;:&quot;&quot;,&quot;size&quot;:&quot;&quot;},&quot;jet_parallax_layout_image_mobile&quot;:{&quot;url&quot;:&quot;&quot;,&quot;id&quot;:&quot;&quot;,&quot;size&quot;:&quot;&quot;},&quot;jet_parallax_layout_speed&quot;:{&quot;unit&quot;:&quot;%&quot;,&quot;size&quot;:50,&quot;sizes&quot;:[]},&quot;jet_parallax_layout_type&quot;:&quot;scroll&quot;,&quot;jet_parallax_layout_direction&quot;:null,&quot;jet_parallax_layout_fx_direction&quot;:null,&quot;jet_parallax_layout_z_index&quot;:&quot;&quot;,&quot;jet_parallax_layout_bg_x&quot;:50,&quot;jet_parallax_layout_bg_x_tablet&quot;:&quot;&quot;,&quot;jet_parallax_layout_bg_x_mobile&quot;:&quot;&quot;,&quot;jet_parallax_layout_bg_y&quot;:50,&quot;jet_parallax_layout_bg_y_tablet&quot;:&quot;&quot;,&quot;jet_parallax_layout_bg_y_mobile&quot;:&quot;&quot;,&quot;jet_parallax_layout_bg_size&quot;:&quot;auto&quot;,&quot;jet_parallax_layout_bg_size_tablet&quot;:&quot;&quot;,&quot;jet_parallax_layout_bg_size_mobile&quot;:&quot;&quot;,&quot;jet_parallax_layout_animation_prop&quot;:&quot;transform&quot;,&quot;jet_parallax_layout_on&quot;:[&quot;desktop&quot;,&quot;tablet&quot;]}]}\">\n\t\t\t\t\t\t<div class=\"elementor-container elementor-column-gap-default\">\n\t\t\t\t\t<div class=\"elementor-column elementor-col-100 elementor-top-column elementor-element elementor-element-2f9b106\" data-id=\"2f9b106\" data-element_type=\"column\">\n\t\t\t<div class=\"elementor-widget-wrap elementor-element-populated\">\n\t\t\t\t\t\t<div class=\"elementor-element elementor-element-bc0bd1f elementor-widget elementor-widget-heading\" data-id=\"bc0bd1f\" data-element_type=\"widget\" data-widget_type=\"heading.default\">\n\t\t\t\t<div class=\"elementor-widget-container\">\n\t\t\t\t\t<h1 class=\"elementor-heading-title elementor-size-xl\">Offres<\/h1>\t\t\t\t<\/div>\n\t\t\t\t<\/div>\n\t\t\t\t\t<\/div>\n\t\t<\/div>\n\t\t\t\t\t<\/div>\n\t\t<\/section>\n\t\t\t\t<section class=\"elementor-section elementor-top-section elementor-element elementor-element-d1c7229 elementor-section-boxed elementor-section-height-default elementor-section-height-default\" data-id=\"d1c7229\" data-element_type=\"section\" data-settings=\"{&quot;jet_parallax_layout_list&quot;:[{&quot;jet_parallax_layout_image&quot;:{&quot;url&quot;:&quot;&quot;,&quot;id&quot;:&quot;&quot;,&quot;size&quot;:&quot;&quot;},&quot;_id&quot;:&quot;6587911&quot;,&quot;jet_parallax_layout_image_tablet&quot;:{&quot;url&quot;:&quot;&quot;,&quot;id&quot;:&quot;&quot;,&quot;size&quot;:&quot;&quot;},&quot;jet_parallax_layout_image_mobile&quot;:{&quot;url&quot;:&quot;&quot;,&quot;id&quot;:&quot;&quot;,&quot;size&quot;:&quot;&quot;},&quot;jet_parallax_layout_speed&quot;:{&quot;unit&quot;:&quot;%&quot;,&quot;size&quot;:50,&quot;sizes&quot;:[]},&quot;jet_parallax_layout_type&quot;:&quot;scroll&quot;,&quot;jet_parallax_layout_direction&quot;:null,&quot;jet_parallax_layout_fx_direction&quot;:null,&quot;jet_parallax_layout_z_index&quot;:&quot;&quot;,&quot;jet_parallax_layout_bg_x&quot;:50,&quot;jet_parallax_layout_bg_x_tablet&quot;:&quot;&quot;,&quot;jet_parallax_layout_bg_x_mobile&quot;:&quot;&quot;,&quot;jet_parallax_layout_bg_y&quot;:50,&quot;jet_parallax_layout_bg_y_tablet&quot;:&quot;&quot;,&quot;jet_parallax_layout_bg_y_mobile&quot;:&quot;&quot;,&quot;jet_parallax_layout_bg_size&quot;:&quot;auto&quot;,&quot;jet_parallax_layout_bg_size_tablet&quot;:&quot;&quot;,&quot;jet_parallax_layout_bg_size_mobile&quot;:&quot;&quot;,&quot;jet_parallax_layout_animation_prop&quot;:&quot;transform&quot;,&quot;jet_parallax_layout_on&quot;:[&quot;desktop&quot;,&quot;tablet&quot;]}]}\">\n\t\t\t\t\t\t<div class=\"elementor-container elementor-column-gap-default\">\n\t\t\t\t\t<div class=\"elementor-column elementor-col-100 elementor-top-column elementor-element elementor-element-e17de4a\" data-id=\"e17de4a\" data-element_type=\"column\">\n\t\t\t<div class=\"elementor-widget-wrap elementor-element-populated\">\n\t\t\t\t\t\t<div class=\"elementor-element elementor-element-c904fc9 griglia_offerte elementor-invisible elementor-widget elementor-widget-jet-posts\" data-id=\"c904fc9\" data-element_type=\"widget\" data-settings=\"{&quot;_animation&quot;:&quot;fadeInUp&quot;,&quot;columns_mobile&quot;:&quot;3&quot;,&quot;columns&quot;:3,&quot;slides_to_scroll&quot;:&quot;1&quot;}\" data-widget_type=\"jet-posts.default\">\n\t\t\t\t<div class=\"elementor-widget-container\">\n\t\t\t\t\t<div class=\"elementor-jet-posts jet-elements\"><div class=\"jet-posts col-row  jet-equal-cols\"><div class=\"jet-posts__item\">\n\t<div class=\"jet-posts__inner-box\"><div class=\"post-thumbnail\"><a href=\"https:\/\/mondovicino.it\/fr\/offerte\/king-outlet\/\" class=\"post-thumbnail__link\"><img loading=\"lazy\" decoding=\"async\" class=\"post-thumbnail__img wp-post-image\" src=\"https:\/\/mondovicino.it\/wp-content\/uploads\/2026\/01\/MONDOVi-POST-1200x1200-a-90-dpi-sito-1.jpg\" alt=\"King Outlet\" loading=\"lazy\" width=\"1500\" height=\"1500\"><\/a><\/div><div class=\"jet-posts__inner-content\"><h4 class=\"entry-title\"><a href=\"https:\/\/mondovicino.it\/fr\/offerte\/king-outlet\/\" target=\"\">King Outlet<\/a><\/h4><div class=\"jet-title-fields\"><div class=\"jet-title-fields__item jet-title-fields__item-validita_end_testo\"><div class=\"jet-title-fields__item-label\">jusqu'au<\/div><div class=\"jet-title-fields__item-value\"><b>03\/05\/2026<\/b><\/div><\/div><\/div><div class=\"post-meta\"><\/div><div class=\"entry-excerpt\">MID SEASON SALE chez KING OUTLET Mondovicino Outlet Village !<\/div><\/div><\/div>\n<\/div>\n<div class=\"jet-posts__item\">\n\t<div class=\"jet-posts__inner-box\"><div class=\"post-thumbnail\"><a href=\"https:\/\/mondovicino.it\/fr\/offerte\/jaggy\/\" class=\"post-thumbnail__link\"><img loading=\"lazy\" decoding=\"async\" class=\"post-thumbnail__img wp-post-image\" src=\"https:\/\/mondovicino.it\/wp-content\/uploads\/2026\/03\/EXTRA-SALE-OUTLET-MONDOVI-1200x1200-90-DPI.jpg\" alt=\"Jaggy\" loading=\"lazy\" width=\"1500\" height=\"1500\"><\/a><\/div><div class=\"jet-posts__inner-content\"><h4 class=\"entry-title\"><a href=\"https:\/\/mondovicino.it\/fr\/offerte\/jaggy\/\" target=\"\">Jaggy<\/a><\/h4><div class=\"jet-title-fields\"><div class=\"jet-title-fields__item jet-title-fields__item-validita_end_testo\"><div class=\"jet-title-fields__item-label\">jusqu'au<\/div><div class=\"jet-title-fields__item-value\"><b>03\/05\/2026<\/b><\/div><\/div><\/div><div class=\"post-meta\"><\/div><div class=\"entry-excerpt\">Chez JAGGY OUTLET, c\u2019est le moment du MID SEASON SALE!<\/div><\/div><\/div>\n<\/div>\n<div class=\"jet-posts__item\">\n\t<div class=\"jet-posts__inner-box\"><div class=\"post-thumbnail\"><a href=\"https:\/\/mondovicino.it\/fr\/offerte\/perlier-kelemata-9\/\" class=\"post-thumbnail__link\"><img loading=\"lazy\" decoding=\"async\" class=\"post-thumbnail__img wp-post-image\" src=\"https:\/\/mondovicino.it\/wp-content\/uploads\/2026\/02\/POST_ADS-41-1.jpg\" alt=\"Perlier Kel\u00e9mata\" loading=\"lazy\" width=\"1080\" height=\"1080\"><\/a><\/div><div class=\"jet-posts__inner-content\"><h4 class=\"entry-title\"><a href=\"https:\/\/mondovicino.it\/fr\/offerte\/perlier-kelemata-9\/\" target=\"\">Perlier Kel\u00e9mata<\/a><\/h4><div class=\"jet-title-fields\"><div class=\"jet-title-fields__item jet-title-fields__item-validita_end_testo\"><div class=\"jet-title-fields__item-label\">jusqu'au<\/div><div class=\"jet-title-fields__item-value\"><b>12\/05\/2026<\/b><\/div><\/div><\/div><div class=\"post-meta\"><\/div><div class=\"entry-excerpt\">\u00c7a sent le printemps!<\/div><\/div><\/div>\n<\/div>\n<div class=\"jet-posts__item\">\n\t<div class=\"jet-posts__inner-box\"><div class=\"post-thumbnail\"><a href=\"https:\/\/mondovicino.it\/fr\/offerte\/paragon\/\" class=\"post-thumbnail__link\"><img loading=\"lazy\" decoding=\"async\" class=\"post-thumbnail__img wp-post-image\" src=\"https:\/\/mondovicino.it\/wp-content\/uploads\/2026\/04\/promo_mondovicino_outlet_50_1200x1200.jpg\" alt=\"Paragon\" loading=\"lazy\" width=\"1200\" height=\"1200\"><\/a><\/div><div class=\"jet-posts__inner-content\"><h4 class=\"entry-title\"><a href=\"https:\/\/mondovicino.it\/fr\/offerte\/paragon\/\" target=\"\">Paragon<\/a><\/h4><div class=\"jet-title-fields\"><div class=\"jet-title-fields__item jet-title-fields__item-validita_end_testo\"><div class=\"jet-title-fields__item-label\">jusqu'au<\/div><div class=\"jet-title-fields__item-value\"><b>03\/05\/2026<\/b><\/div><\/div><\/div><div class=\"post-meta\"><\/div><div class=\"entry-excerpt\">Chez Paragon, les MID SEASON SALES sont arriv\u00e9s !<\/div><\/div><\/div>\n<\/div>\n<div class=\"jet-posts__item\">\n\t<div class=\"jet-posts__inner-box\"><div class=\"post-thumbnail\"><a href=\"https:\/\/mondovicino.it\/fr\/offerte\/sartoria-italiana\/\" class=\"post-thumbnail__link\"><img loading=\"lazy\" decoding=\"async\" class=\"post-thumbnail__img wp-post-image\" src=\"https:\/\/mondovicino.it\/wp-content\/uploads\/2026\/03\/Sart.jpg\" alt=\"Sartoria Italiana\" loading=\"lazy\" width=\"1200\" height=\"1200\"><\/a><\/div><div class=\"jet-posts__inner-content\"><h4 class=\"entry-title\"><a href=\"https:\/\/mondovicino.it\/fr\/offerte\/sartoria-italiana\/\" target=\"\">Sartoria Italiana<\/a><\/h4><div class=\"jet-title-fields\"><div class=\"jet-title-fields__item jet-title-fields__item-validita_end_testo\"><div class=\"jet-title-fields__item-label\">jusqu'au<\/div><div class=\"jet-title-fields__item-value\"><b>24\/05\/2026<\/b><\/div><\/div><\/div><div class=\"post-meta\"><\/div><div class=\"entry-excerpt\">Chez Sartoria Italiana, les Midseason Sales sont arriv\u00e9es, avec des r\u00e9ductions jusqu\u2019\u00e0 -50 % sur le prix outlet.<\/div><\/div><\/div>\n<\/div>\n<div class=\"jet-posts__item\">\n\t<div class=\"jet-posts__inner-box\"><div class=\"post-thumbnail\"><a href=\"https:\/\/mondovicino.it\/fr\/offerte\/pompea\/\" class=\"post-thumbnail__link\"><img loading=\"lazy\" decoding=\"async\" class=\"post-thumbnail__img wp-post-image\" src=\"https:\/\/mondovicino.it\/wp-content\/uploads\/2026\/03\/Pompea2.jpg\" alt=\"Pompea\" loading=\"lazy\" width=\"1200\" height=\"1200\"><\/a><\/div><div class=\"jet-posts__inner-content\"><h4 class=\"entry-title\"><a href=\"https:\/\/mondovicino.it\/fr\/offerte\/pompea\/\" target=\"\">Pompea<\/a><\/h4><div class=\"jet-title-fields\"><div class=\"jet-title-fields__item jet-title-fields__item-validita_end_testo\"><div class=\"jet-title-fields__item-label\">jusqu'au<\/div><div class=\"jet-title-fields__item-value\"><b>27\/04\/2026<\/b><\/div><\/div><\/div><div class=\"post-meta\"><\/div><div class=\"entry-excerpt\">Black Friday Spring<\/div><\/div><\/div>\n<\/div>\n<div class=\"jet-posts__item\">\n\t<div class=\"jet-posts__inner-box\"><div class=\"post-thumbnail\"><a href=\"https:\/\/mondovicino.it\/fr\/offerte\/marville\/\" class=\"post-thumbnail__link\"><img loading=\"lazy\" decoding=\"async\" class=\"post-thumbnail__img wp-post-image\" src=\"https:\/\/mondovicino.it\/wp-content\/uploads\/2026\/03\/Mar_2.jpg\" alt=\"Marville\" loading=\"lazy\" width=\"1200\" height=\"1200\"><\/a><\/div><div class=\"jet-posts__inner-content\"><h4 class=\"entry-title\"><a href=\"https:\/\/mondovicino.it\/fr\/offerte\/marville\/\" target=\"\">Marville<\/a><\/h4><div class=\"jet-title-fields\"><div class=\"jet-title-fields__item jet-title-fields__item-validita_end_testo\"><div class=\"jet-title-fields__item-label\">jusqu'au<\/div><div class=\"jet-title-fields__item-value\"><b>28\/04\/2026<\/b><\/div><\/div><\/div><div class=\"post-meta\"><\/div><div class=\"entry-excerpt\">Prix l\u00e9gers, style affirm\u00e9.<\/div><\/div><\/div>\n<\/div>\n<div class=\"jet-posts__item\">\n\t<div class=\"jet-posts__inner-box\"><div class=\"post-thumbnail\"><a href=\"https:\/\/mondovicino.it\/fr\/offerte\/scorpion-bay-17\/\" class=\"post-thumbnail__link\"><img loading=\"lazy\" decoding=\"async\" class=\"post-thumbnail__img wp-post-image\" src=\"https:\/\/mondovicino.it\/wp-content\/uploads\/2026\/02\/1200X1200-Mondovicino-1.jpg\" alt=\"Scorpion Bay\" loading=\"lazy\" width=\"1200\" height=\"1200\"><\/a><\/div><div class=\"jet-posts__inner-content\"><h4 class=\"entry-title\"><a href=\"https:\/\/mondovicino.it\/fr\/offerte\/scorpion-bay-17\/\" target=\"\">Scorpion Bay<\/a><\/h4><div class=\"jet-title-fields\"><div class=\"jet-title-fields__item jet-title-fields__item-validita_end_testo\"><div class=\"jet-title-fields__item-label\">jusqu'au<\/div><div class=\"jet-title-fields__item-value\"><b>04\/05\/2026<\/b><\/div><\/div><\/div><div class=\"post-meta\"><\/div><div class=\"entry-excerpt\">MID SEASON SALE SCORPION BAY.<\/div><\/div><\/div>\n<\/div>\n<div class=\"jet-posts__item\">\n\t<div class=\"jet-posts__inner-box\"><div class=\"post-thumbnail\"><a href=\"https:\/\/mondovicino.it\/fr\/offerte\/camomilla-italia\/\" class=\"post-thumbnail__link\"><img loading=\"lazy\" decoding=\"async\" class=\"post-thumbnail__img wp-post-image\" src=\"https:\/\/mondovicino.it\/wp-content\/uploads\/2026\/03\/banner-Mid_Seasoncampagna-1200-logo-e-scritta-1.jpg\" alt=\"Camomilla Italia\" loading=\"lazy\" width=\"1201\" height=\"1201\"><\/a><\/div><div class=\"jet-posts__inner-content\"><h4 class=\"entry-title\"><a href=\"https:\/\/mondovicino.it\/fr\/offerte\/camomilla-italia\/\" target=\"\">Camomilla Italia<\/a><\/h4><div class=\"jet-title-fields\"><div class=\"jet-title-fields__item jet-title-fields__item-validita_end_testo\"><div class=\"jet-title-fields__item-label\">jusqu'au<\/div><div class=\"jet-title-fields__item-value\"><b>28\/04\/2026<\/b><\/div><\/div><\/div><div class=\"post-meta\"><\/div><div class=\"entry-excerpt\">Mid Season<\/div><\/div><\/div>\n<\/div>\n<div class=\"jet-posts__item\">\n\t<div class=\"jet-posts__inner-box\"><div class=\"post-thumbnail\"><a href=\"https:\/\/mondovicino.it\/fr\/offerte\/puma-2\/\" class=\"post-thumbnail__link\"><img loading=\"lazy\" decoding=\"async\" class=\"post-thumbnail__img wp-post-image\" src=\"https:\/\/mondovicino.it\/wp-content\/uploads\/2026\/03\/offerta-Puma-1.jpg\" alt=\"Puma\" loading=\"lazy\" width=\"1200\" height=\"1200\"><\/a><\/div><div class=\"jet-posts__inner-content\"><h4 class=\"entry-title\"><a href=\"https:\/\/mondovicino.it\/fr\/offerte\/puma-2\/\" target=\"\">Puma<\/a><\/h4><div class=\"jet-title-fields\"><div class=\"jet-title-fields__item jet-title-fields__item-validita_end_testo\"><div class=\"jet-title-fields__item-label\">jusqu'au<\/div><div class=\"jet-title-fields__item-value\"><b>20\/05\/2026<\/b><\/div><\/div><\/div><div class=\"post-meta\"><\/div><div class=\"entry-excerpt\">-30 % de r\u00e9duction sur le prix Outlet de certains articles<\/div><\/div><\/div>\n<\/div>\n<div class=\"jet-posts__item\">\n\t<div class=\"jet-posts__inner-box\"><div class=\"post-thumbnail\"><a href=\"https:\/\/mondovicino.it\/fr\/offerte\/outly\/\" class=\"post-thumbnail__link\"><img loading=\"lazy\" decoding=\"async\" class=\"post-thumbnail__img wp-post-image\" src=\"https:\/\/mondovicino.it\/wp-content\/uploads\/2026\/03\/O25_campagna_solevista_SOCIAL_1080x1080_2504301.jpg\" alt=\"OUTLY\" loading=\"lazy\" width=\"1080\" height=\"1080\"><\/a><\/div><div class=\"jet-posts__inner-content\"><h4 class=\"entry-title\"><a href=\"https:\/\/mondovicino.it\/fr\/offerte\/outly\/\" target=\"\">OUTLY<\/a><\/h4><div class=\"jet-title-fields\"><div class=\"jet-title-fields__item jet-title-fields__item-validita_end_testo\"><div class=\"jet-title-fields__item-label\">jusqu'au<\/div><div class=\"jet-title-fields__item-value\"><b>30\/06\/2026<\/b><\/div><\/div><\/div><div class=\"post-meta\"><\/div><div class=\"entry-excerpt\">Coloration des verres GRATUITE \u00e0 l\u2019achat d\u2019une monture compl\u00e8te avec verres correcteurs!<\/div><\/div><\/div>\n<\/div>\n<div class=\"jet-posts__item\">\n\t<div class=\"jet-posts__inner-box\"><div class=\"post-thumbnail\"><a href=\"https:\/\/mondovicino.it\/fr\/offerte\/bottega-del-sarto\/\" class=\"post-thumbnail__link\"><img loading=\"lazy\" decoding=\"async\" class=\"post-thumbnail__img wp-post-image\" src=\"https:\/\/mondovicino.it\/wp-content\/uploads\/2026\/01\/Offerta-bottega-del-Sarto-2.jpg\" alt=\"Bottega del Sarto\" loading=\"lazy\" width=\"1200\" height=\"1200\"><\/a><\/div><div class=\"jet-posts__inner-content\"><h4 class=\"entry-title\"><a href=\"https:\/\/mondovicino.it\/fr\/offerte\/bottega-del-sarto\/\" target=\"\">Bottega del Sarto<\/a><\/h4><div class=\"jet-title-fields\"><div class=\"jet-title-fields__item jet-title-fields__item-validita_end_testo\"><div class=\"jet-title-fields__item-label\">jusqu'au<\/div><div class=\"jet-title-fields__item-value\"><b>30\/04\/2026<\/b><\/div><\/div><\/div><div class=\"post-meta\"><\/div><div class=\"entry-excerpt\">D\u00e9couvrez la nouvelle collection printemps-\u00e9t\u00e9 de Bottega del Sarto.<\/div><\/div><\/div>\n<\/div>\n<div class=\"jet-posts__item\">\n\t<div class=\"jet-posts__inner-box\"><div class=\"post-thumbnail\"><a href=\"https:\/\/mondovicino.it\/fr\/offerte\/gaudi\/\" class=\"post-thumbnail__link\"><img loading=\"lazy\" decoding=\"async\" class=\"post-thumbnail__img wp-post-image\" src=\"https:\/\/mondovicino.it\/wp-content\/uploads\/2026\/03\/Offerta-Gaudi.jpg\" alt=\"Gaud\u00ec\" loading=\"lazy\" width=\"1200\" height=\"1200\"><\/a><\/div><div class=\"jet-posts__inner-content\"><h4 class=\"entry-title\"><a href=\"https:\/\/mondovicino.it\/fr\/offerte\/gaudi\/\" target=\"\">Gaud\u00ec<\/a><\/h4><div class=\"jet-title-fields\"><div class=\"jet-title-fields__item jet-title-fields__item-validita_end_testo\"><div class=\"jet-title-fields__item-label\">jusqu'au<\/div><div class=\"jet-title-fields__item-value\"><b>03\/05\/2026<\/b><\/div><\/div><\/div><div class=\"post-meta\"><\/div><div class=\"entry-excerpt\">C\u2019est le moment id\u00e9al pour renouveler votre style!<\/div><\/div><\/div>\n<\/div>\n<div class=\"jet-posts__item\">\n\t<div class=\"jet-posts__inner-box\"><div class=\"post-thumbnail\"><a href=\"https:\/\/mondovicino.it\/fr\/offerte\/datch\/\" class=\"post-thumbnail__link\"><img loading=\"lazy\" decoding=\"async\" class=\"post-thumbnail__img wp-post-image\" src=\"https:\/\/mondovicino.it\/wp-content\/uploads\/2026\/04\/Datch2.jpg\" alt=\"Datch\" loading=\"lazy\" width=\"1200\" height=\"1200\"><\/a><\/div><div class=\"jet-posts__inner-content\"><h4 class=\"entry-title\"><a href=\"https:\/\/mondovicino.it\/fr\/offerte\/datch\/\" target=\"\">Datch<\/a><\/h4><div class=\"jet-title-fields\"><div class=\"jet-title-fields__item jet-title-fields__item-validita_end_testo\"><div class=\"jet-title-fields__item-label\">jusqu'au<\/div><div class=\"jet-title-fields__item-value\"><b>05\/05\/2026<\/b><\/div><\/div><\/div><div class=\"post-meta\"><\/div><div class=\"entry-excerpt\">Mid Season Sale jusqu\u2019\u00e0 -50 % sur le prix outlet.<\/div><\/div><\/div>\n<\/div>\n<\/div>\n<\/div>\t\t\t\t<\/div>\n\t\t\t\t<\/div>\n\t\t\t\t\t<\/div>\n\t\t<\/div>\n\t\t\t\t\t<\/div>\n\t\t<\/section>\n\t\t\t\t<\/div>\n\t\t","protected":false},"excerpt":{"rendered":"<p>Home&amp;Cook jusqu&rsquo;au31\/05\/2025r\u00e9ductions allant jusqu&rsquo;\u00e0 -30% du prix d&rsquo;achat sur une s\u00e9lection de produits Rowenta. Perlier Kel\u00e9mata jusqu&rsquo;au11\/05\/2025Promo de printemps Naima AllScent jusqu&rsquo;au25\/05\/2025Des r\u00e9ductions allant jusqu&rsquo;\u00e0 -30% sur une large s\u00e9lection de produits de maquillage, de parfums et de soins de la peau. Guess jusqu&rsquo;au11\/05\/2025Guess, ouvre sa nouvelle boutique et vous offre 20% de r\u00e9duction Exc\u00e9lsa [&hellip;]<\/p>\n","protected":false},"author":1,"featured_media":0,"parent":0,"menu_order":0,"comment_status":"closed","ping_status":"closed","template":"full-width.php","meta":{"_acf_changed":false,"footnotes":"","_links_to":"","_links_to_target":""},"class_list":["post-4960","page","type-page","status-publish","hentry"],"acf":[],"aioseo_notices":[],"publishpress_future_action":{"enabled":false,"date":"2026-05-04 18:09:13","action":"change-status","newStatus":"draft","terms":[],"taxonomy":"translation_priority","extraData":[]},"publishpress_future_workflow_manual_trigger":{"enabledWorkflows":[]},"_links":{"self":[{"href":"https:\/\/mondovicino.it\/fr\/wp-json\/wp\/v2\/pages\/4960","targetHints":{"allow":["GET"]}}],"collection":[{"href":"https:\/\/mondovicino.it\/fr\/wp-json\/wp\/v2\/pages"}],"about":[{"href":"https:\/\/mondovicino.it\/fr\/wp-json\/wp\/v2\/types\/page"}],"author":[{"embeddable":true,"href":"https:\/\/mondovicino.it\/fr\/wp-json\/wp\/v2\/users\/1"}],"replies":[{"embeddable":true,"href":"https:\/\/mondovicino.it\/fr\/wp-json\/wp\/v2\/comments?post=4960"}],"version-history":[{"count":13,"href":"https:\/\/mondovicino.it\/fr\/wp-json\/wp\/v2\/pages\/4960\/revisions"}],"predecessor-version":[{"id":44515,"href":"https:\/\/mondovicino.it\/fr\/wp-json\/wp\/v2\/pages\/4960\/revisions\/44515"}],"wp:attachment":[{"href":"https:\/\/mondovicino.it\/fr\/wp-json\/wp\/v2\/media?parent=4960"}],"curies":[{"name":"wp","href":"https:\/\/api.w.org\/{rel}","templated":true}]}}