{"id":5125,"date":"2020-07-13T16:31:52","date_gmt":"2020-07-13T14:31:52","guid":{"rendered":"https:\/\/www.mondovicino.it\/ristorazione\/"},"modified":"2022-11-16T11:43:44","modified_gmt":"2022-11-16T10:43:44","slug":"restaurants","status":"publish","type":"page","link":"https:\/\/mondovicino.it\/fr\/restaurants\/","title":{"rendered":"Restaurants"},"content":{"rendered":"\t\t<div data-elementor-type=\"wp-page\" data-elementor-id=\"5125\" class=\"elementor elementor-5125 elementor-1948\" data-elementor-post-type=\"page\">\n\t\t\t\t\t\t<section class=\"elementor-section elementor-top-section elementor-element elementor-element-55c0f65 elementor-section-boxed elementor-section-height-default elementor-section-height-default\" data-id=\"55c0f65\" data-element_type=\"section\" data-settings=\"{&quot;jet_parallax_layout_list&quot;:[{&quot;jet_parallax_layout_image&quot;:{&quot;url&quot;:&quot;&quot;,&quot;id&quot;:&quot;&quot;,&quot;size&quot;:&quot;&quot;},&quot;_id&quot;:&quot;4b0e3f1&quot;,&quot;jet_parallax_layout_image_tablet&quot;:{&quot;url&quot;:&quot;&quot;,&quot;id&quot;:&quot;&quot;,&quot;size&quot;:&quot;&quot;},&quot;jet_parallax_layout_image_mobile&quot;:{&quot;url&quot;:&quot;&quot;,&quot;id&quot;:&quot;&quot;,&quot;size&quot;:&quot;&quot;},&quot;jet_parallax_layout_speed&quot;:{&quot;unit&quot;:&quot;%&quot;,&quot;size&quot;:50,&quot;sizes&quot;:[]},&quot;jet_parallax_layout_type&quot;:&quot;scroll&quot;,&quot;jet_parallax_layout_direction&quot;:null,&quot;jet_parallax_layout_fx_direction&quot;:null,&quot;jet_parallax_layout_z_index&quot;:&quot;&quot;,&quot;jet_parallax_layout_bg_x&quot;:50,&quot;jet_parallax_layout_bg_y&quot;:50,&quot;jet_parallax_layout_bg_size&quot;:&quot;auto&quot;,&quot;jet_parallax_layout_animation_prop&quot;:&quot;transform&quot;,&quot;jet_parallax_layout_on&quot;:[&quot;desktop&quot;,&quot;tablet&quot;],&quot;jet_parallax_layout_bg_x_tablet&quot;:&quot;&quot;,&quot;jet_parallax_layout_bg_x_mobile&quot;:&quot;&quot;,&quot;jet_parallax_layout_bg_y_tablet&quot;:&quot;&quot;,&quot;jet_parallax_layout_bg_y_mobile&quot;:&quot;&quot;,&quot;jet_parallax_layout_bg_size_tablet&quot;:&quot;&quot;,&quot;jet_parallax_layout_bg_size_mobile&quot;:&quot;&quot;}]}\">\n\t\t\t\t\t\t<div class=\"elementor-container elementor-column-gap-default\">\n\t\t\t\t\t<div class=\"elementor-column elementor-col-100 elementor-top-column elementor-element elementor-element-165fb41\" data-id=\"165fb41\" data-element_type=\"column\">\n\t\t\t<div class=\"elementor-widget-wrap elementor-element-populated\">\n\t\t\t\t\t\t<div class=\"elementor-element elementor-element-895a4ac elementor-widget elementor-widget-heading\" data-id=\"895a4ac\" data-element_type=\"widget\" data-widget_type=\"heading.default\">\n\t\t\t\t<div class=\"elementor-widget-container\">\n\t\t\t\t\t<h1 class=\"elementor-heading-title elementor-size-xl\">Restaurants<\/h1>\t\t\t\t<\/div>\n\t\t\t\t<\/div>\n\t\t\t\t\t<\/div>\n\t\t<\/div>\n\t\t\t\t\t<\/div>\n\t\t<\/section>\n\t\t\t\t<section class=\"elementor-section elementor-top-section elementor-element elementor-element-d723c4d elementor-section-boxed elementor-section-height-default elementor-section-height-default\" data-id=\"d723c4d\" data-element_type=\"section\" data-settings=\"{&quot;jet_parallax_layout_list&quot;:[{&quot;jet_parallax_layout_image&quot;:{&quot;url&quot;:&quot;&quot;,&quot;id&quot;:&quot;&quot;,&quot;size&quot;:&quot;&quot;},&quot;_id&quot;:&quot;dcf011e&quot;,&quot;jet_parallax_layout_image_tablet&quot;:{&quot;url&quot;:&quot;&quot;,&quot;id&quot;:&quot;&quot;,&quot;size&quot;:&quot;&quot;},&quot;jet_parallax_layout_image_mobile&quot;:{&quot;url&quot;:&quot;&quot;,&quot;id&quot;:&quot;&quot;,&quot;size&quot;:&quot;&quot;},&quot;jet_parallax_layout_speed&quot;:{&quot;unit&quot;:&quot;%&quot;,&quot;size&quot;:50,&quot;sizes&quot;:[]},&quot;jet_parallax_layout_type&quot;:&quot;scroll&quot;,&quot;jet_parallax_layout_direction&quot;:null,&quot;jet_parallax_layout_fx_direction&quot;:null,&quot;jet_parallax_layout_z_index&quot;:&quot;&quot;,&quot;jet_parallax_layout_bg_x&quot;:50,&quot;jet_parallax_layout_bg_y&quot;:50,&quot;jet_parallax_layout_bg_size&quot;:&quot;auto&quot;,&quot;jet_parallax_layout_animation_prop&quot;:&quot;transform&quot;,&quot;jet_parallax_layout_on&quot;:[&quot;desktop&quot;,&quot;tablet&quot;],&quot;jet_parallax_layout_bg_x_tablet&quot;:&quot;&quot;,&quot;jet_parallax_layout_bg_x_mobile&quot;:&quot;&quot;,&quot;jet_parallax_layout_bg_y_tablet&quot;:&quot;&quot;,&quot;jet_parallax_layout_bg_y_mobile&quot;:&quot;&quot;,&quot;jet_parallax_layout_bg_size_tablet&quot;:&quot;&quot;,&quot;jet_parallax_layout_bg_size_mobile&quot;:&quot;&quot;}]}\">\n\t\t\t\t\t\t<div class=\"elementor-container elementor-column-gap-default\">\n\t\t\t\t\t<div class=\"elementor-column elementor-col-100 elementor-top-column elementor-element elementor-element-96324ac\" data-id=\"96324ac\" data-element_type=\"column\">\n\t\t\t<div class=\"elementor-widget-wrap elementor-element-populated\">\n\t\t\t\t\t\t<div class=\"elementor-element elementor-element-9b4b341 elementor-widget elementor-widget-heading\" data-id=\"9b4b341\" data-element_type=\"widget\" data-widget_type=\"heading.default\">\n\t\t\t\t<div class=\"elementor-widget-container\">\n\t\t\t\t\t<h2 class=\"elementor-heading-title elementor-size-medium\">Un riche Petit D\u00e9jeuner ou un bon Espresso. Une Pizza, une viande hach\u00e9e de notre r\u00e9gion ou un frit de poisson, nos restos vous offrent une solution pour tous les gouts.\n\n<\/h2>\t\t\t\t<\/div>\n\t\t\t\t<\/div>\n\t\t\t\t\t<\/div>\n\t\t<\/div>\n\t\t\t\t\t<\/div>\n\t\t<\/section>\n\t\t\t\t<section class=\"elementor-section elementor-top-section elementor-element elementor-element-c5f993a elementor-section-boxed elementor-section-height-default elementor-section-height-default\" data-id=\"c5f993a\" data-element_type=\"section\" data-settings=\"{&quot;jet_parallax_layout_list&quot;:[{&quot;jet_parallax_layout_image&quot;:{&quot;url&quot;:&quot;&quot;,&quot;id&quot;:&quot;&quot;,&quot;size&quot;:&quot;&quot;},&quot;_id&quot;:&quot;5a91dd9&quot;,&quot;jet_parallax_layout_image_tablet&quot;:{&quot;url&quot;:&quot;&quot;,&quot;id&quot;:&quot;&quot;,&quot;size&quot;:&quot;&quot;},&quot;jet_parallax_layout_image_mobile&quot;:{&quot;url&quot;:&quot;&quot;,&quot;id&quot;:&quot;&quot;,&quot;size&quot;:&quot;&quot;},&quot;jet_parallax_layout_speed&quot;:{&quot;unit&quot;:&quot;%&quot;,&quot;size&quot;:50,&quot;sizes&quot;:[]},&quot;jet_parallax_layout_type&quot;:&quot;scroll&quot;,&quot;jet_parallax_layout_direction&quot;:null,&quot;jet_parallax_layout_fx_direction&quot;:null,&quot;jet_parallax_layout_z_index&quot;:&quot;&quot;,&quot;jet_parallax_layout_bg_x&quot;:50,&quot;jet_parallax_layout_bg_y&quot;:50,&quot;jet_parallax_layout_bg_size&quot;:&quot;auto&quot;,&quot;jet_parallax_layout_animation_prop&quot;:&quot;transform&quot;,&quot;jet_parallax_layout_on&quot;:[&quot;desktop&quot;,&quot;tablet&quot;],&quot;jet_parallax_layout_bg_x_tablet&quot;:&quot;&quot;,&quot;jet_parallax_layout_bg_x_mobile&quot;:&quot;&quot;,&quot;jet_parallax_layout_bg_y_tablet&quot;:&quot;&quot;,&quot;jet_parallax_layout_bg_y_mobile&quot;:&quot;&quot;,&quot;jet_parallax_layout_bg_size_tablet&quot;:&quot;&quot;,&quot;jet_parallax_layout_bg_size_mobile&quot;:&quot;&quot;}]}\">\n\t\t\t\t\t\t<div class=\"elementor-container elementor-column-gap-default\">\n\t\t\t\t\t<div class=\"elementor-column elementor-col-50 elementor-top-column elementor-element elementor-element-3010d43\" data-id=\"3010d43\" data-element_type=\"column\">\n\t\t\t<div class=\"elementor-widget-wrap elementor-element-populated\">\n\t\t\t\t\t\t<div class=\"elementor-element elementor-element-737009b elementor-position-top elementor-widget elementor-widget-image-box\" data-id=\"737009b\" data-element_type=\"widget\" data-widget_type=\"image-box.default\">\n\t\t\t\t<div class=\"elementor-widget-container\">\n\t\t\t\t\t<div class=\"elementor-image-box-wrapper\"><figure class=\"elementor-image-box-img\"><a href=\"https:\/\/www.mondovicino.it\/fr\/negozi\/caffe-bistrot-la-scuderia\/\" tabindex=\"-1\"><img fetchpriority=\"high\" decoding=\"async\" width=\"1200\" height=\"1200\" src=\"https:\/\/mondovicino.it\/wp-content\/uploads\/2020\/07\/1200x1200_LaScuderia.jpg\" class=\"attachment-full size-full wp-image-2838\" alt=\"\" srcset=\"https:\/\/mondovicino.it\/wp-content\/uploads\/2020\/07\/1200x1200_LaScuderia.jpg 1200w, https:\/\/mondovicino.it\/wp-content\/uploads\/2020\/07\/1200x1200_LaScuderia-300x300.jpg 300w, https:\/\/mondovicino.it\/wp-content\/uploads\/2020\/07\/1200x1200_LaScuderia-1024x1024.jpg 1024w, https:\/\/mondovicino.it\/wp-content\/uploads\/2020\/07\/1200x1200_LaScuderia-150x150.jpg 150w, https:\/\/mondovicino.it\/wp-content\/uploads\/2020\/07\/1200x1200_LaScuderia-768x768.jpg 768w, https:\/\/mondovicino.it\/wp-content\/uploads\/2020\/07\/1200x1200_LaScuderia-500x500.jpg 500w, https:\/\/mondovicino.it\/wp-content\/uploads\/2020\/07\/1200x1200_LaScuderia-600x600.jpg 600w, https:\/\/mondovicino.it\/wp-content\/uploads\/2020\/07\/1200x1200_LaScuderia-100x100.jpg 100w\" sizes=\"(max-width: 1200px) 100vw, 1200px\" \/><\/a><\/figure><div class=\"elementor-image-box-content\"><h3 class=\"elementor-image-box-title\"><a href=\"https:\/\/www.mondovicino.it\/fr\/negozi\/caffe-bistrot-la-scuderia\/\">Caff\u00e8 Bistrot La Scuderia<\/a><\/h3><\/div><\/div>\t\t\t\t<\/div>\n\t\t\t\t<\/div>\n\t\t\t\t\t<\/div>\n\t\t<\/div>\n\t\t\t\t<div class=\"elementor-column elementor-col-50 elementor-top-column elementor-element elementor-element-fda22ec\" data-id=\"fda22ec\" data-element_type=\"column\">\n\t\t\t<div class=\"elementor-widget-wrap elementor-element-populated\">\n\t\t\t\t\t\t<div class=\"elementor-element elementor-element-99f7146 elementor-position-top elementor-widget elementor-widget-image-box\" data-id=\"99f7146\" data-element_type=\"widget\" data-widget_type=\"image-box.default\">\n\t\t\t\t<div class=\"elementor-widget-container\">\n\t\t\t\t\t<div class=\"elementor-image-box-wrapper\"><figure class=\"elementor-image-box-img\"><a href=\"https:\/\/www.mondovicino.it\/fr\/negozi\/caffetteria-le-fontane\/\" tabindex=\"-1\"><img decoding=\"async\" width=\"1200\" height=\"1200\" src=\"https:\/\/mondovicino.it\/wp-content\/uploads\/2020\/07\/1200x1200_LeFontane.jpg\" class=\"attachment-full size-full wp-image-2841\" alt=\"\" srcset=\"https:\/\/mondovicino.it\/wp-content\/uploads\/2020\/07\/1200x1200_LeFontane.jpg 1200w, https:\/\/mondovicino.it\/wp-content\/uploads\/2020\/07\/1200x1200_LeFontane-300x300.jpg 300w, https:\/\/mondovicino.it\/wp-content\/uploads\/2020\/07\/1200x1200_LeFontane-1024x1024.jpg 1024w, https:\/\/mondovicino.it\/wp-content\/uploads\/2020\/07\/1200x1200_LeFontane-150x150.jpg 150w, https:\/\/mondovicino.it\/wp-content\/uploads\/2020\/07\/1200x1200_LeFontane-768x768.jpg 768w, https:\/\/mondovicino.it\/wp-content\/uploads\/2020\/07\/1200x1200_LeFontane-500x500.jpg 500w, https:\/\/mondovicino.it\/wp-content\/uploads\/2020\/07\/1200x1200_LeFontane-600x600.jpg 600w, https:\/\/mondovicino.it\/wp-content\/uploads\/2020\/07\/1200x1200_LeFontane-100x100.jpg 100w\" sizes=\"(max-width: 1200px) 100vw, 1200px\" \/><\/a><\/figure><div class=\"elementor-image-box-content\"><h3 class=\"elementor-image-box-title\"><a href=\"https:\/\/www.mondovicino.it\/fr\/negozi\/caffetteria-le-fontane\/\">Caffetteria Le Fontane<\/a><\/h3><\/div><\/div>\t\t\t\t<\/div>\n\t\t\t\t<\/div>\n\t\t\t\t\t<\/div>\n\t\t<\/div>\n\t\t\t\t\t<\/div>\n\t\t<\/section>\n\t\t\t\t<section class=\"elementor-section elementor-top-section elementor-element elementor-element-0982690 elementor-section-boxed elementor-section-height-default elementor-section-height-default\" data-id=\"0982690\" data-element_type=\"section\" data-settings=\"{&quot;jet_parallax_layout_list&quot;:[{&quot;jet_parallax_layout_image&quot;:{&quot;url&quot;:&quot;&quot;,&quot;id&quot;:&quot;&quot;,&quot;size&quot;:&quot;&quot;},&quot;_id&quot;:&quot;5a91dd9&quot;,&quot;jet_parallax_layout_image_tablet&quot;:{&quot;url&quot;:&quot;&quot;,&quot;id&quot;:&quot;&quot;,&quot;size&quot;:&quot;&quot;},&quot;jet_parallax_layout_image_mobile&quot;:{&quot;url&quot;:&quot;&quot;,&quot;id&quot;:&quot;&quot;,&quot;size&quot;:&quot;&quot;},&quot;jet_parallax_layout_speed&quot;:{&quot;unit&quot;:&quot;%&quot;,&quot;size&quot;:50,&quot;sizes&quot;:[]},&quot;jet_parallax_layout_type&quot;:&quot;scroll&quot;,&quot;jet_parallax_layout_direction&quot;:null,&quot;jet_parallax_layout_fx_direction&quot;:null,&quot;jet_parallax_layout_z_index&quot;:&quot;&quot;,&quot;jet_parallax_layout_bg_x&quot;:50,&quot;jet_parallax_layout_bg_y&quot;:50,&quot;jet_parallax_layout_bg_size&quot;:&quot;auto&quot;,&quot;jet_parallax_layout_animation_prop&quot;:&quot;transform&quot;,&quot;jet_parallax_layout_on&quot;:[&quot;desktop&quot;,&quot;tablet&quot;],&quot;jet_parallax_layout_bg_x_tablet&quot;:&quot;&quot;,&quot;jet_parallax_layout_bg_x_mobile&quot;:&quot;&quot;,&quot;jet_parallax_layout_bg_y_tablet&quot;:&quot;&quot;,&quot;jet_parallax_layout_bg_y_mobile&quot;:&quot;&quot;,&quot;jet_parallax_layout_bg_size_tablet&quot;:&quot;&quot;,&quot;jet_parallax_layout_bg_size_mobile&quot;:&quot;&quot;}]}\">\n\t\t\t\t\t\t<div class=\"elementor-container elementor-column-gap-default\">\n\t\t\t\t\t<div class=\"elementor-column elementor-col-50 elementor-top-column elementor-element elementor-element-986f9cf\" data-id=\"986f9cf\" data-element_type=\"column\">\n\t\t\t<div class=\"elementor-widget-wrap elementor-element-populated\">\n\t\t\t\t\t\t<div class=\"elementor-element elementor-element-3ee6c37 elementor-position-top elementor-widget elementor-widget-image-box\" data-id=\"3ee6c37\" data-element_type=\"widget\" data-widget_type=\"image-box.default\">\n\t\t\t\t<div class=\"elementor-widget-container\">\n\t\t\t\t\t<div class=\"elementor-image-box-wrapper\"><figure class=\"elementor-image-box-img\"><a href=\"https:\/\/www.mondovicino.it\/fr\/negozi\/i-partenopei\/\" tabindex=\"-1\"><img decoding=\"async\" width=\"1200\" height=\"1200\" src=\"https:\/\/mondovicino.it\/wp-content\/uploads\/2020\/07\/1200x1200_Ipartenopei.jpg\" class=\"attachment-full size-full wp-image-2835\" alt=\"\" srcset=\"https:\/\/mondovicino.it\/wp-content\/uploads\/2020\/07\/1200x1200_Ipartenopei.jpg 1200w, https:\/\/mondovicino.it\/wp-content\/uploads\/2020\/07\/1200x1200_Ipartenopei-300x300.jpg 300w, https:\/\/mondovicino.it\/wp-content\/uploads\/2020\/07\/1200x1200_Ipartenopei-1024x1024.jpg 1024w, https:\/\/mondovicino.it\/wp-content\/uploads\/2020\/07\/1200x1200_Ipartenopei-150x150.jpg 150w, https:\/\/mondovicino.it\/wp-content\/uploads\/2020\/07\/1200x1200_Ipartenopei-768x768.jpg 768w, https:\/\/mondovicino.it\/wp-content\/uploads\/2020\/07\/1200x1200_Ipartenopei-500x500.jpg 500w, https:\/\/mondovicino.it\/wp-content\/uploads\/2020\/07\/1200x1200_Ipartenopei-600x600.jpg 600w, https:\/\/mondovicino.it\/wp-content\/uploads\/2020\/07\/1200x1200_Ipartenopei-100x100.jpg 100w\" sizes=\"(max-width: 1200px) 100vw, 1200px\" \/><\/a><\/figure><div class=\"elementor-image-box-content\"><h3 class=\"elementor-image-box-title\"><a href=\"https:\/\/www.mondovicino.it\/fr\/negozi\/i-partenopei\/\">I Partenopei CAFE\u2019 \u2013 RESTAURANT<\/a><\/h3><\/div><\/div>\t\t\t\t<\/div>\n\t\t\t\t<\/div>\n\t\t\t\t\t<\/div>\n\t\t<\/div>\n\t\t\t\t<div class=\"elementor-column elementor-col-50 elementor-top-column elementor-element elementor-element-2ee77a3\" data-id=\"2ee77a3\" data-element_type=\"column\">\n\t\t\t<div class=\"elementor-widget-wrap elementor-element-populated\">\n\t\t\t\t\t\t<div class=\"elementor-element elementor-element-d3c471b elementor-position-top elementor-widget elementor-widget-image-box\" data-id=\"d3c471b\" data-element_type=\"widget\" data-widget_type=\"image-box.default\">\n\t\t\t\t<div class=\"elementor-widget-container\">\n\t\t\t\t\t<div class=\"elementor-image-box-wrapper\"><figure class=\"elementor-image-box-img\"><a href=\"https:\/\/www.mondovicino.it\/fr\/negozi\/love-it\/\" tabindex=\"-1\"><img loading=\"lazy\" decoding=\"async\" width=\"1200\" height=\"1200\" src=\"https:\/\/mondovicino.it\/wp-content\/uploads\/2022\/07\/love-it-pizza-quadrata_5.jpg\" class=\"attachment-full size-full wp-image-22144\" alt=\"\" srcset=\"https:\/\/mondovicino.it\/wp-content\/uploads\/2022\/07\/love-it-pizza-quadrata_5.jpg 1200w, https:\/\/mondovicino.it\/wp-content\/uploads\/2022\/07\/love-it-pizza-quadrata_5-300x300.jpg 300w, https:\/\/mondovicino.it\/wp-content\/uploads\/2022\/07\/love-it-pizza-quadrata_5-1024x1024.jpg 1024w, https:\/\/mondovicino.it\/wp-content\/uploads\/2022\/07\/love-it-pizza-quadrata_5-150x150.jpg 150w, https:\/\/mondovicino.it\/wp-content\/uploads\/2022\/07\/love-it-pizza-quadrata_5-768x768.jpg 768w, https:\/\/mondovicino.it\/wp-content\/uploads\/2022\/07\/love-it-pizza-quadrata_5-500x500.jpg 500w\" sizes=\"(max-width: 1200px) 100vw, 1200px\" \/><\/a><\/figure><div class=\"elementor-image-box-content\"><h3 class=\"elementor-image-box-title\"><a href=\"https:\/\/www.mondovicino.it\/fr\/negozi\/love-it\/\">Love IT Pizza<\/a><\/h3><\/div><\/div>\t\t\t\t<\/div>\n\t\t\t\t<\/div>\n\t\t\t\t\t<\/div>\n\t\t<\/div>\n\t\t\t\t\t<\/div>\n\t\t<\/section>\n\t\t\t\t<section class=\"elementor-section elementor-top-section elementor-element elementor-element-f1d0dc3 elementor-section-boxed elementor-section-height-default elementor-section-height-default\" data-id=\"f1d0dc3\" data-element_type=\"section\" data-settings=\"{&quot;jet_parallax_layout_list&quot;:[{&quot;jet_parallax_layout_image&quot;:{&quot;url&quot;:&quot;&quot;,&quot;id&quot;:&quot;&quot;,&quot;size&quot;:&quot;&quot;},&quot;_id&quot;:&quot;5a91dd9&quot;,&quot;jet_parallax_layout_image_tablet&quot;:{&quot;url&quot;:&quot;&quot;,&quot;id&quot;:&quot;&quot;,&quot;size&quot;:&quot;&quot;},&quot;jet_parallax_layout_image_mobile&quot;:{&quot;url&quot;:&quot;&quot;,&quot;id&quot;:&quot;&quot;,&quot;size&quot;:&quot;&quot;},&quot;jet_parallax_layout_speed&quot;:{&quot;unit&quot;:&quot;%&quot;,&quot;size&quot;:50,&quot;sizes&quot;:[]},&quot;jet_parallax_layout_type&quot;:&quot;scroll&quot;,&quot;jet_parallax_layout_direction&quot;:null,&quot;jet_parallax_layout_fx_direction&quot;:null,&quot;jet_parallax_layout_z_index&quot;:&quot;&quot;,&quot;jet_parallax_layout_bg_x&quot;:50,&quot;jet_parallax_layout_bg_y&quot;:50,&quot;jet_parallax_layout_bg_size&quot;:&quot;auto&quot;,&quot;jet_parallax_layout_animation_prop&quot;:&quot;transform&quot;,&quot;jet_parallax_layout_on&quot;:[&quot;desktop&quot;,&quot;tablet&quot;],&quot;jet_parallax_layout_bg_x_tablet&quot;:&quot;&quot;,&quot;jet_parallax_layout_bg_x_mobile&quot;:&quot;&quot;,&quot;jet_parallax_layout_bg_y_tablet&quot;:&quot;&quot;,&quot;jet_parallax_layout_bg_y_mobile&quot;:&quot;&quot;,&quot;jet_parallax_layout_bg_size_tablet&quot;:&quot;&quot;,&quot;jet_parallax_layout_bg_size_mobile&quot;:&quot;&quot;}]}\">\n\t\t\t\t\t\t<div class=\"elementor-container elementor-column-gap-default\">\n\t\t\t\t\t<div class=\"elementor-column elementor-col-50 elementor-top-column elementor-element elementor-element-fa4babc\" data-id=\"fa4babc\" data-element_type=\"column\">\n\t\t\t<div class=\"elementor-widget-wrap elementor-element-populated\">\n\t\t\t\t\t\t<div class=\"elementor-element elementor-element-aeea067 elementor-position-top elementor-widget elementor-widget-image-box\" data-id=\"aeea067\" data-element_type=\"widget\" data-widget_type=\"image-box.default\">\n\t\t\t\t<div class=\"elementor-widget-container\">\n\t\t\t\t\t<div class=\"elementor-image-box-wrapper\"><figure class=\"elementor-image-box-img\"><a href=\"https:\/\/www.mondovicino.it\/fr\/negozi\/eccellenze-del-piemonte\/\" tabindex=\"-1\"><img loading=\"lazy\" decoding=\"async\" width=\"1200\" height=\"1200\" src=\"https:\/\/mondovicino.it\/wp-content\/uploads\/2020\/07\/1200x1200_Eccellenze.jpg\" class=\"attachment-full size-full wp-image-2832\" alt=\"\" srcset=\"https:\/\/mondovicino.it\/wp-content\/uploads\/2020\/07\/1200x1200_Eccellenze.jpg 1200w, https:\/\/mondovicino.it\/wp-content\/uploads\/2020\/07\/1200x1200_Eccellenze-300x300.jpg 300w, https:\/\/mondovicino.it\/wp-content\/uploads\/2020\/07\/1200x1200_Eccellenze-1024x1024.jpg 1024w, https:\/\/mondovicino.it\/wp-content\/uploads\/2020\/07\/1200x1200_Eccellenze-150x150.jpg 150w, https:\/\/mondovicino.it\/wp-content\/uploads\/2020\/07\/1200x1200_Eccellenze-768x768.jpg 768w, https:\/\/mondovicino.it\/wp-content\/uploads\/2020\/07\/1200x1200_Eccellenze-500x500.jpg 500w, https:\/\/mondovicino.it\/wp-content\/uploads\/2020\/07\/1200x1200_Eccellenze-600x600.jpg 600w, https:\/\/mondovicino.it\/wp-content\/uploads\/2020\/07\/1200x1200_Eccellenze-100x100.jpg 100w\" sizes=\"(max-width: 1200px) 100vw, 1200px\" \/><\/a><\/figure><div class=\"elementor-image-box-content\"><h3 class=\"elementor-image-box-title\"><a href=\"https:\/\/www.mondovicino.it\/fr\/negozi\/eccellenze-del-piemonte\/\">Sapori della Regione<\/a><\/h3><\/div><\/div>\t\t\t\t<\/div>\n\t\t\t\t<\/div>\n\t\t\t\t\t<\/div>\n\t\t<\/div>\n\t\t\t\t<div class=\"elementor-column elementor-col-50 elementor-top-column elementor-element elementor-element-7a4af0a\" data-id=\"7a4af0a\" data-element_type=\"column\">\n\t\t\t<div class=\"elementor-widget-wrap\">\n\t\t\t\t\t\t\t<\/div>\n\t\t<\/div>\n\t\t\t\t\t<\/div>\n\t\t<\/section>\n\t\t\t\t<\/div>\n\t\t","protected":false},"excerpt":{"rendered":"<p>Un riche Petit D\u00e9jeuner ou un bon Espresso. Une Pizza, une viande hach\u00e9e de notre r\u00e9gion ou un frit de poisson, nos restos vous offrent une solution pour tous les gouts. Caff\u00e8 Bistrot La Scuderia Caffetteria Le Fontane I Partenopei CAFE\u2019 \u2013 RESTAURANT Love IT Pizza Sapori della Regione<\/p>\n","protected":false},"author":1,"featured_media":0,"parent":0,"menu_order":0,"comment_status":"closed","ping_status":"closed","template":"elementor_header_footer","meta":{"_acf_changed":false,"footnotes":"","_links_to":"","_links_to_target":""},"class_list":["post-5125","page","type-page","status-publish","hentry"],"acf":[],"aioseo_notices":[],"publishpress_future_action":{"enabled":false,"date":"2026-04-18 04:56:35","action":"change-status","newStatus":"draft","terms":[],"taxonomy":"translation_priority","extraData":[]},"publishpress_future_workflow_manual_trigger":{"enabledWorkflows":[]},"_links":{"self":[{"href":"https:\/\/mondovicino.it\/fr\/wp-json\/wp\/v2\/pages\/5125","targetHints":{"allow":["GET"]}}],"collection":[{"href":"https:\/\/mondovicino.it\/fr\/wp-json\/wp\/v2\/pages"}],"about":[{"href":"https:\/\/mondovicino.it\/fr\/wp-json\/wp\/v2\/types\/page"}],"author":[{"embeddable":true,"href":"https:\/\/mondovicino.it\/fr\/wp-json\/wp\/v2\/users\/1"}],"replies":[{"embeddable":true,"href":"https:\/\/mondovicino.it\/fr\/wp-json\/wp\/v2\/comments?post=5125"}],"version-history":[{"count":11,"href":"https:\/\/mondovicino.it\/fr\/wp-json\/wp\/v2\/pages\/5125\/revisions"}],"predecessor-version":[{"id":24335,"href":"https:\/\/mondovicino.it\/fr\/wp-json\/wp\/v2\/pages\/5125\/revisions\/24335"}],"wp:attachment":[{"href":"https:\/\/mondovicino.it\/fr\/wp-json\/wp\/v2\/media?parent=5125"}],"curies":[{"name":"wp","href":"https:\/\/api.w.org\/{rel}","templated":true}]}}