{"id":5204,"date":"2020-07-09T18:20:29","date_gmt":"2020-07-09T16:20:29","guid":{"rendered":"https:\/\/www.mondovicino.it\/lavora-con-noi-privacy-2\/"},"modified":"2023-10-26T12:06:37","modified_gmt":"2023-10-26T10:06:37","slug":"politique-de-cookies","status":"publish","type":"page","link":"https:\/\/mondovicino.it\/fr\/politique-de-cookies\/","title":{"rendered":"Politique de Cookies"},"content":{"rendered":"\t\t<div data-elementor-type=\"wp-post\" data-elementor-id=\"5204\" class=\"elementor elementor-5204 elementor-1792\" data-elementor-post-type=\"page\">\n\t\t\t\t\t\t<section class=\"elementor-section elementor-top-section elementor-element elementor-element-e6cd928 elementor-section-boxed elementor-section-height-default elementor-section-height-default\" data-id=\"e6cd928\" data-element_type=\"section\" data-settings=\"{&quot;jet_parallax_layout_list&quot;:[{&quot;jet_parallax_layout_image&quot;:{&quot;url&quot;:&quot;&quot;,&quot;id&quot;:&quot;&quot;,&quot;size&quot;:&quot;&quot;},&quot;_id&quot;:&quot;7219af7&quot;,&quot;jet_parallax_layout_image_tablet&quot;:{&quot;url&quot;:&quot;&quot;,&quot;id&quot;:&quot;&quot;,&quot;size&quot;:&quot;&quot;},&quot;jet_parallax_layout_image_mobile&quot;:{&quot;url&quot;:&quot;&quot;,&quot;id&quot;:&quot;&quot;,&quot;size&quot;:&quot;&quot;},&quot;jet_parallax_layout_speed&quot;:{&quot;unit&quot;:&quot;%&quot;,&quot;size&quot;:50,&quot;sizes&quot;:[]},&quot;jet_parallax_layout_type&quot;:&quot;scroll&quot;,&quot;jet_parallax_layout_z_index&quot;:&quot;&quot;,&quot;jet_parallax_layout_bg_x&quot;:50,&quot;jet_parallax_layout_bg_y&quot;:50,&quot;jet_parallax_layout_bg_size&quot;:&quot;auto&quot;,&quot;jet_parallax_layout_animation_prop&quot;:&quot;transform&quot;,&quot;jet_parallax_layout_on&quot;:[&quot;desktop&quot;,&quot;tablet&quot;],&quot;jet_parallax_layout_direction&quot;:null,&quot;jet_parallax_layout_fx_direction&quot;:null,&quot;jet_parallax_layout_bg_x_tablet&quot;:&quot;&quot;,&quot;jet_parallax_layout_bg_x_mobile&quot;:&quot;&quot;,&quot;jet_parallax_layout_bg_y_tablet&quot;:&quot;&quot;,&quot;jet_parallax_layout_bg_y_mobile&quot;:&quot;&quot;,&quot;jet_parallax_layout_bg_size_tablet&quot;:&quot;&quot;,&quot;jet_parallax_layout_bg_size_mobile&quot;:&quot;&quot;}]}\">\n\t\t\t\t\t\t<div class=\"elementor-container elementor-column-gap-default\">\n\t\t\t\t\t<div class=\"elementor-column elementor-col-100 elementor-top-column elementor-element elementor-element-2b1f9df\" data-id=\"2b1f9df\" data-element_type=\"column\">\n\t\t\t<div class=\"elementor-widget-wrap elementor-element-populated\">\n\t\t\t\t\t\t<div class=\"elementor-element elementor-element-453e019 elementor-widget elementor-widget-heading\" data-id=\"453e019\" data-element_type=\"widget\" data-widget_type=\"heading.default\">\n\t\t\t\t<div class=\"elementor-widget-container\">\n\t\t\t\t\t<h1 class=\"elementor-heading-title elementor-size-xl\">Politique de Cookies<\/h1>\t\t\t\t<\/div>\n\t\t\t\t<\/div>\n\t\t\t\t<div class=\"elementor-element elementor-element-387091a elementor-align-left elementor-widget elementor-widget-raven-heading\" data-id=\"387091a\" data-element_type=\"widget\" data-widget_type=\"raven-heading.default\">\n\t\t\t\t<div class=\"elementor-widget-container\">\n\t\t\t\t\t\t\t<div class=\"raven-widget-wrapper\"><h2 class=\"raven-heading raven-heading-h2\"><span class=\"raven-heading-title \">INFORMATIONS SUR LES COOKIES<\/span><\/h2><\/div>\n\t\t\t\t\t\t<\/div>\n\t\t\t\t<\/div>\n\t\t\t\t<div class=\"elementor-element elementor-element-dab5472 elementor-widget elementor-widget-text-editor\" data-id=\"dab5472\" data-element_type=\"widget\" data-widget_type=\"text-editor.default\">\n\t\t\t\t<div class=\"elementor-widget-container\">\n\t\t\t\t\t\t\t\t\t<p>Conform\u00e9ment \u00e0 la disposition de l&rsquo;Autorit\u00e9 italienne pour la protection des donn\u00e9es (ci-apr\u00e8s, le \u00ab\u00a0Garant\u00a0\u00bb), contenant les lignes directrices sur les cookies et autres outils de suivi, en date du 10 juin 2021 (ci-apr\u00e8s, la \u00ab\u00a0Disposition sur les cookies\u00a0\u00bb), TAVOLERA S.R.L, en la personne de son repr\u00e9sentant l\u00e9gal, dont le si\u00e8ge social est situ\u00e9 \u00e0 12084 Mondov\u00ec (CN) &#8211; Piazza G. Jemina 47 &#8211; Code fiscal et num\u00e9ro de TVA 02809110048, e-mail privacy@mondovicino.it, en sa qualit\u00e9 de titulaire du traitement des donn\u00e9es personnelles collect\u00e9es sur son site web, entend informer les utilisateurs de ce qui suit.<\/p><p>Cette information sur les cookies, conform\u00e9ment aux articles 13 et 14 du r\u00e8glement europ\u00e9en 2016\/679 (ci-apr\u00e8s, le \u00ab\u00a0R\u00e8glement\u00a0\u00bb), fait partie int\u00e9grante de la politique de confidentialit\u00e9 du site web www.mondovicino.it (ci-apr\u00e8s, le \u00ab\u00a0Site\u00a0\u00bb), qui peut \u00eatre consult\u00e9e sur: https:\/\/www.mondovicino.it\/it\/informativa-sulla-privacy\/.<\/p>\t\t\t\t\t\t\t\t<\/div>\n\t\t\t\t<\/div>\n\t\t\t\t<div class=\"elementor-element elementor-element-d76068e elementor-align-left elementor-widget elementor-widget-raven-heading\" data-id=\"d76068e\" data-element_type=\"widget\" data-widget_type=\"raven-heading.default\">\n\t\t\t\t<div class=\"elementor-widget-container\">\n\t\t\t\t\t\t\t<div class=\"raven-widget-wrapper\"><h3 class=\"raven-heading raven-heading-h3\"><span class=\"raven-heading-title \">Politique en mati\u00e8re de cookies | Politique de confidentialit\u00e9<\/span><\/h3><\/div>\n\t\t\t\t\t\t<\/div>\n\t\t\t\t<\/div>\n\t\t\t\t<div class=\"elementor-element elementor-element-50100b5 elementor-widget elementor-widget-text-editor\" data-id=\"50100b5\" data-element_type=\"widget\" data-widget_type=\"text-editor.default\">\n\t\t\t\t<div class=\"elementor-widget-container\">\n\t\t\t\t\t\t\t\t\t<script id=\"CookieDeclaration\" data-culture=\"fr\"\n  type=\"text\/javascript\"\nsrc=\"https:\/\/consent.cookiebot.com\/efe49030-3087-4502-8587-bcc73fa1f71b\/cd.js\" type=\"text\/javascript\" async><\/script>\t\t\t\t\t\t\t\t<\/div>\n\t\t\t\t<\/div>\n\t\t\t\t<div class=\"elementor-element elementor-element-469c796 elementor-align-left elementor-widget elementor-widget-raven-heading\" data-id=\"469c796\" data-element_type=\"widget\" data-widget_type=\"raven-heading.default\">\n\t\t\t\t<div class=\"elementor-widget-container\">\n\t\t\t\t\t\t\t<div class=\"raven-widget-wrapper\"><h3 class=\"raven-heading raven-heading-h3\"><span class=\"raven-heading-title \">N'oubliez pas que vous pouvez \u00e9galement g\u00e9rer vos pr\u00e9f\u00e9rences en mati\u00e8re de cookies via votre navigateur<\/span><\/h3><\/div>\n\t\t\t\t\t\t<\/div>\n\t\t\t\t<\/div>\n\t\t\t\t<div class=\"elementor-element elementor-element-52f9b42 elementor-widget elementor-widget-text-editor\" data-id=\"52f9b42\" data-element_type=\"widget\" data-widget_type=\"text-editor.default\">\n\t\t\t\t<div class=\"elementor-widget-container\">\n\t\t\t\t\t\t\t\t\t<p>Si vous ne connaissez pas le type et la version du navigateur que vous utilisez, cliquez sur \u00ab\u00a0Aide\u00a0\u00bb dans la fen\u00eatre du navigateur en haut, \u00e0 partir de laquelle vous pouvez acc\u00e9der \u00e0 toutes les informations n\u00e9cessaires. Si vous connaissez votre navigateur, cliquez sur le navigateur que vous utilisez pour acc\u00e9der \u00e0 la page de gestion des cookies :<\/p><p>Internet Explorer<span class=\"Apple-converted-space\">\u00a0<\/span><\/p><p>Google Chrome<\/p><p>Mozilla Firefox<\/p><p>Safari<\/p><p>Pour plus d&rsquo;informations, veuillez consulter le site youronlinechoices.eu.<\/p>\t\t\t\t\t\t\t\t<\/div>\n\t\t\t\t<\/div>\n\t\t<!-- dce invisible element 481a79d --><!-- dce invisible element 90854ed --><!-- dce invisible element 4ca6a93 --><!-- dce invisible element 88cdbb2 --><!-- dce invisible element a3edd5d --><!-- dce invisible element f17d2f3 --><!-- dce invisible element a89c38c --><!-- dce invisible element cf8bb6b --><!-- dce invisible element 8bf05f0 --><!-- dce invisible element 95f0258 --><!-- dce invisible element 2602223 -->\t\t\t<\/div>\n\t\t<\/div>\n\t\t\t\t\t<\/div>\n\t\t<\/section>\n\t\t\t\t<\/div>\n\t\t","protected":false},"excerpt":{"rendered":"<p>INFORMATIONS SUR LES COOKIES Conform\u00e9ment \u00e0 la disposition de l&rsquo;Autorit\u00e9 italienne pour la protection des donn\u00e9es (ci-apr\u00e8s, le \u00ab\u00a0Garant\u00a0\u00bb), contenant les lignes directrices sur les cookies et autres outils de suivi, en date du 10 juin 2021 (ci-apr\u00e8s, la \u00ab\u00a0Disposition sur les cookies\u00a0\u00bb), TAVOLERA S.R.L, en la personne de son repr\u00e9sentant l\u00e9gal, dont le si\u00e8ge [&hellip;]<\/p>\n","protected":false},"author":1,"featured_media":0,"parent":0,"menu_order":0,"comment_status":"closed","ping_status":"closed","template":"elementor_header_footer","meta":{"_acf_changed":false,"footnotes":"","_links_to":"","_links_to_target":""},"class_list":["post-5204","page","type-page","status-publish","hentry"],"acf":[],"aioseo_notices":[],"publishpress_future_action":{"enabled":false,"date":"2026-04-20 21:07:34","action":"change-status","newStatus":"draft","terms":[],"taxonomy":"translation_priority","extraData":[]},"publishpress_future_workflow_manual_trigger":{"enabledWorkflows":[]},"_links":{"self":[{"href":"https:\/\/mondovicino.it\/fr\/wp-json\/wp\/v2\/pages\/5204","targetHints":{"allow":["GET"]}}],"collection":[{"href":"https:\/\/mondovicino.it\/fr\/wp-json\/wp\/v2\/pages"}],"about":[{"href":"https:\/\/mondovicino.it\/fr\/wp-json\/wp\/v2\/types\/page"}],"author":[{"embeddable":true,"href":"https:\/\/mondovicino.it\/fr\/wp-json\/wp\/v2\/users\/1"}],"replies":[{"embeddable":true,"href":"https:\/\/mondovicino.it\/fr\/wp-json\/wp\/v2\/comments?post=5204"}],"version-history":[{"count":10,"href":"https:\/\/mondovicino.it\/fr\/wp-json\/wp\/v2\/pages\/5204\/revisions"}],"predecessor-version":[{"id":32178,"href":"https:\/\/mondovicino.it\/fr\/wp-json\/wp\/v2\/pages\/5204\/revisions\/32178"}],"wp:attachment":[{"href":"https:\/\/mondovicino.it\/fr\/wp-json\/wp\/v2\/media?parent=5204"}],"curies":[{"name":"wp","href":"https:\/\/api.w.org\/{rel}","templated":true}]}}