{"id":5214,"date":"2020-07-09T17:50:03","date_gmt":"2020-07-09T15:50:03","guid":{"rendered":"https:\/\/www.mondovicino.it\/termini-e-condizioni\/"},"modified":"2020-08-07T00:34:35","modified_gmt":"2020-08-06T22:34:35","slug":"conditions-generales-dutilisation","status":"publish","type":"page","link":"https:\/\/mondovicino.it\/fr\/conditions-generales-dutilisation\/","title":{"rendered":"Conditions g\u00e9n\u00e9rales d&rsquo;utilisation"},"content":{"rendered":"\t\t<div data-elementor-type=\"wp-post\" data-elementor-id=\"5214\" class=\"elementor elementor-5214 elementor-1785\" data-elementor-post-type=\"page\">\n\t\t\t\t\t\t<section class=\"elementor-section elementor-top-section elementor-element elementor-element-e6cd928 elementor-section-boxed elementor-section-height-default elementor-section-height-default\" data-id=\"e6cd928\" data-element_type=\"section\" data-settings=\"{&quot;jet_parallax_layout_list&quot;:[{&quot;jet_parallax_layout_image&quot;:{&quot;url&quot;:&quot;&quot;,&quot;id&quot;:&quot;&quot;,&quot;size&quot;:&quot;&quot;},&quot;_id&quot;:&quot;7219af7&quot;,&quot;jet_parallax_layout_image_tablet&quot;:{&quot;url&quot;:&quot;&quot;,&quot;id&quot;:&quot;&quot;,&quot;size&quot;:&quot;&quot;},&quot;jet_parallax_layout_image_mobile&quot;:{&quot;url&quot;:&quot;&quot;,&quot;id&quot;:&quot;&quot;,&quot;size&quot;:&quot;&quot;},&quot;jet_parallax_layout_speed&quot;:{&quot;unit&quot;:&quot;%&quot;,&quot;size&quot;:50,&quot;sizes&quot;:[]},&quot;jet_parallax_layout_type&quot;:&quot;scroll&quot;,&quot;jet_parallax_layout_z_index&quot;:&quot;&quot;,&quot;jet_parallax_layout_bg_x&quot;:50,&quot;jet_parallax_layout_bg_y&quot;:50,&quot;jet_parallax_layout_bg_size&quot;:&quot;auto&quot;,&quot;jet_parallax_layout_animation_prop&quot;:&quot;transform&quot;,&quot;jet_parallax_layout_on&quot;:[&quot;desktop&quot;,&quot;tablet&quot;],&quot;jet_parallax_layout_direction&quot;:null,&quot;jet_parallax_layout_fx_direction&quot;:null,&quot;jet_parallax_layout_bg_x_tablet&quot;:&quot;&quot;,&quot;jet_parallax_layout_bg_x_mobile&quot;:&quot;&quot;,&quot;jet_parallax_layout_bg_y_tablet&quot;:&quot;&quot;,&quot;jet_parallax_layout_bg_y_mobile&quot;:&quot;&quot;,&quot;jet_parallax_layout_bg_size_tablet&quot;:&quot;&quot;,&quot;jet_parallax_layout_bg_size_mobile&quot;:&quot;&quot;}]}\">\n\t\t\t\t\t\t<div class=\"elementor-container elementor-column-gap-default\">\n\t\t\t\t\t<div class=\"elementor-column elementor-col-100 elementor-top-column elementor-element elementor-element-2b1f9df\" data-id=\"2b1f9df\" data-element_type=\"column\">\n\t\t\t<div class=\"elementor-widget-wrap elementor-element-populated\">\n\t\t\t\t\t\t<div class=\"elementor-element elementor-element-453e019 elementor-widget elementor-widget-heading\" data-id=\"453e019\" data-element_type=\"widget\" data-widget_type=\"heading.default\">\n\t\t\t\t<div class=\"elementor-widget-container\">\n\t\t\t\t\t<h1 class=\"elementor-heading-title elementor-size-xl\">Conditions g\u00e9n\u00e9rales d&rsquo;utilisation<\/h1>\t\t\t\t<\/div>\n\t\t\t\t<\/div>\n\t\t\t\t<div class=\"elementor-element elementor-element-dab5472 elementor-widget elementor-widget-text-editor\" data-id=\"dab5472\" data-element_type=\"widget\" data-widget_type=\"text-editor.default\">\n\t\t\t\t<div class=\"elementor-widget-container\">\n\t\t\t\t\t\t\t\t\t<p>Ce site est contr\u00f4l\u00e9 et exploit\u00e9 par la soci\u00e9t\u00e9 Tavolera S.r.l., Mondov\u00ec (CN) Piazza G. Jemina 47, 12084 C.F. et P.IVA 02809110048.<\/p><p>En acc\u00e9dant, naviguant ou utilisant autrement ce site, vous acceptez et consentez \u00e0 la collecte, l&rsquo;utilisation et la divulgation de vos informations personnelles comme indiqu\u00e9 dans cette politique.<\/p>\t\t\t\t\t\t\t\t<\/div>\n\t\t\t\t<\/div>\n\t\t\t\t<div class=\"elementor-element elementor-element-d76068e elementor-align-left elementor-widget elementor-widget-raven-heading\" data-id=\"d76068e\" data-element_type=\"widget\" data-widget_type=\"raven-heading.default\">\n\t\t\t\t<div class=\"elementor-widget-container\">\n\t\t\t\t\t\t\t<div class=\"raven-widget-wrapper\"><h3 class=\"raven-heading raven-heading-h3\"><span class=\"raven-heading-title \">Collecte d'informations active<\/span><\/h3><\/div>\n\t\t\t\t\t\t<\/div>\n\t\t\t\t<\/div>\n\t\t\t\t<div class=\"elementor-element elementor-element-50100b5 elementor-widget elementor-widget-text-editor\" data-id=\"50100b5\" data-element_type=\"widget\" data-widget_type=\"text-editor.default\">\n\t\t\t\t<div class=\"elementor-widget-container\">\n\t\t\t\t\t\t\t\t\t<p>Tavolera S.r.l. recueille des informations personnelles que vous fournissez volontairement via le site. Par exemple, lors de l&rsquo;inscription sur le site, nous pouvons vous demander de fournir votre nom, adresse, num\u00e9ros de t\u00e9l\u00e9phone, adresse e-mail et date de naissance.<\/p><p>Cette liste n&rsquo;est pas exhaustive et nous pouvons vous demander des informations suppl\u00e9mentaires de temps en temps.<\/p>\t\t\t\t\t\t\t\t<\/div>\n\t\t\t\t<\/div>\n\t\t\t\t<div class=\"elementor-element elementor-element-469c796 elementor-align-left elementor-widget elementor-widget-raven-heading\" data-id=\"469c796\" data-element_type=\"widget\" data-widget_type=\"raven-heading.default\">\n\t\t\t\t<div class=\"elementor-widget-container\">\n\t\t\t\t\t\t\t<div class=\"raven-widget-wrapper\"><h3 class=\"raven-heading raven-heading-h3\"><span class=\"raven-heading-title \">Collecte passive d'informations<\/span><\/h3><\/div>\n\t\t\t\t\t\t<\/div>\n\t\t\t\t<\/div>\n\t\t\t\t<div class=\"elementor-element elementor-element-52f9b42 elementor-widget elementor-widget-text-editor\" data-id=\"52f9b42\" data-element_type=\"widget\" data-widget_type=\"text-editor.default\">\n\t\t\t\t<div class=\"elementor-widget-container\">\n\t\t\t\t\t\t\t\t\t<p>Lorsque vous naviguez sur le site, certaines informations peuvent \u00eatre collect\u00e9es passivement (c&rsquo;est-\u00e0-dire collect\u00e9es sans que vous fournissiez activement les informations) en utilisant diverses technologies et moyens, tels que: (a) adresses IP (Internet Protocol) et journaux Web; et (b) \u00ab\u00a0cookies\u00a0\u00bb.<\/p>\t\t\t\t\t\t\t\t<\/div>\n\t\t\t\t<\/div>\n\t\t\t\t<div class=\"elementor-element elementor-element-481a79d elementor-align-left elementor-widget elementor-widget-raven-heading\" data-id=\"481a79d\" data-element_type=\"widget\" data-widget_type=\"raven-heading.default\">\n\t\t\t\t<div class=\"elementor-widget-container\">\n\t\t\t\t\t\t\t<div class=\"raven-widget-wrapper\"><h3 class=\"raven-heading raven-heading-h3\"><span class=\"raven-heading-title \">Adresses IP (Internet Protocol) et journaux Web<\/span><\/h3><\/div>\n\t\t\t\t\t\t<\/div>\n\t\t\t\t<\/div>\n\t\t\t\t<div class=\"elementor-element elementor-element-90854ed elementor-widget elementor-widget-text-editor\" data-id=\"90854ed\" data-element_type=\"widget\" data-widget_type=\"text-editor.default\">\n\t\t\t\t<div class=\"elementor-widget-container\">\n\t\t\t\t\t\t\t\t\t<p>Une adresse IP est attribu\u00e9e \u00e0 votre ordinateur chaque fois que vous acc\u00e9dez \u00e0 Internet. Cela permet \u00e0 votre ordinateur d&rsquo;envoyer et de recevoir des donn\u00e9es. G\u00e9n\u00e9ralement, chaque fois que vous vous connectez \u00e0 Internet, votre adresse IP change. Cependant, dans certaines circonstances (c&rsquo;est-\u00e0-dire avec certaines connexions \u00e0 large bande), votre adresse IP est fixe. Une adresse IP fixe peut \u00eatre associ\u00e9e \u00e0 votre ordinateur et peut donc correspondre \u00e0 vos informations personnelles.<\/p><p>Les informations du journal Web sont des informations non personnelles collect\u00e9es par l&rsquo;ordinateur qui h\u00e9berge le site chaque fois que vous visitez le site. Des exemples du type d&rsquo;informations pouvant \u00eatre collect\u00e9es \u00e0 l&rsquo;aide de votre adresse IP et \/ ou des informations du journal Web incluent les d\u00e9tails de la date et de l&rsquo;heure auxquelles vous avez visit\u00e9 le site et le type de navigateur Internet et de syst\u00e8me d&rsquo;exploitation utilis\u00e9. Nous, ou nos agents autoris\u00e9s, utilisons votre adresse IP et \/ ou les informations du journal Web pour collecter et rapporter des informations agr\u00e9g\u00e9es sur la fa\u00e7on dont le site est utilis\u00e9 et les fa\u00e7ons dont le site peut \u00eatre am\u00e9lior\u00e9.<\/p>\t\t\t\t\t\t\t\t<\/div>\n\t\t\t\t<\/div>\n\t\t\t\t<div class=\"elementor-element elementor-element-2602223 elementor-widget elementor-widget-spacer\" data-id=\"2602223\" data-element_type=\"widget\" data-widget_type=\"spacer.default\">\n\t\t\t\t<div class=\"elementor-widget-container\">\n\t\t\t\t\t\t\t<div class=\"elementor-spacer\">\n\t\t\t<div class=\"elementor-spacer-inner\"><\/div>\n\t\t<\/div>\n\t\t\t\t\t\t<\/div>\n\t\t\t\t<\/div>\n\t\t\t\t\t<\/div>\n\t\t<\/div>\n\t\t\t\t\t<\/div>\n\t\t<\/section>\n\t\t\t\t<\/div>\n\t\t","protected":false},"excerpt":{"rendered":"<p>Ce site est contr\u00f4l\u00e9 et exploit\u00e9 par la soci\u00e9t\u00e9 Tavolera S.r.l., Mondov\u00ec (CN) Piazza G. Jemina 47, 12084 C.F. et P.IVA 02809110048. En acc\u00e9dant, naviguant ou utilisant autrement ce site, vous acceptez et consentez \u00e0 la collecte, l&rsquo;utilisation et la divulgation de vos informations personnelles comme indiqu\u00e9 dans cette politique. Collecte d&rsquo;informations active Tavolera S.r.l. [&hellip;]<\/p>\n","protected":false},"author":1,"featured_media":0,"parent":0,"menu_order":0,"comment_status":"closed","ping_status":"closed","template":"elementor_header_footer","meta":{"_acf_changed":false,"footnotes":"","_links_to":"","_links_to_target":""},"class_list":["post-5214","page","type-page","status-publish","hentry"],"acf":[],"aioseo_notices":[],"publishpress_future_action":{"enabled":false,"date":"2026-04-29 10:47:33","action":"change-status","newStatus":"draft","terms":[],"taxonomy":"translation_priority","extraData":[]},"publishpress_future_workflow_manual_trigger":{"enabledWorkflows":[]},"_links":{"self":[{"href":"https:\/\/mondovicino.it\/fr\/wp-json\/wp\/v2\/pages\/5214","targetHints":{"allow":["GET"]}}],"collection":[{"href":"https:\/\/mondovicino.it\/fr\/wp-json\/wp\/v2\/pages"}],"about":[{"href":"https:\/\/mondovicino.it\/fr\/wp-json\/wp\/v2\/types\/page"}],"author":[{"embeddable":true,"href":"https:\/\/mondovicino.it\/fr\/wp-json\/wp\/v2\/users\/1"}],"replies":[{"embeddable":true,"href":"https:\/\/mondovicino.it\/fr\/wp-json\/wp\/v2\/comments?post=5214"}],"version-history":[{"count":3,"href":"https:\/\/mondovicino.it\/fr\/wp-json\/wp\/v2\/pages\/5214\/revisions"}],"predecessor-version":[{"id":5317,"href":"https:\/\/mondovicino.it\/fr\/wp-json\/wp\/v2\/pages\/5214\/revisions\/5317"}],"wp:attachment":[{"href":"https:\/\/mondovicino.it\/fr\/wp-json\/wp\/v2\/media?parent=5214"}],"curies":[{"name":"wp","href":"https:\/\/api.w.org\/{rel}","templated":true}]}}