{"id":12697,"date":"2021-03-24T16:57:28","date_gmt":"2021-03-24T15:57:28","guid":{"rendered":"https:\/\/www.mondovicino.it\/?page_id=12697"},"modified":"2021-03-24T17:18:24","modified_gmt":"2021-03-24T16:18:24","slug":"opportunita-commerciali-privacy","status":"publish","type":"page","link":"https:\/\/mondovicino.it\/it\/opportunita-commerciali-privacy\/","title":{"rendered":"Opportunit\u00e0 Commerciali  Privacy"},"content":{"rendered":"\t\t<div data-elementor-type=\"wp-post\" data-elementor-id=\"12697\" class=\"elementor elementor-12697\" data-elementor-post-type=\"page\">\n\t\t\t\t\t\t<section class=\"elementor-section elementor-top-section elementor-element elementor-element-e6cd928 elementor-section-boxed elementor-section-height-default elementor-section-height-default\" data-id=\"e6cd928\" data-element_type=\"section\" data-settings=\"{&quot;jet_parallax_layout_list&quot;:[{&quot;jet_parallax_layout_image&quot;:{&quot;url&quot;:&quot;&quot;,&quot;id&quot;:&quot;&quot;,&quot;size&quot;:&quot;&quot;},&quot;_id&quot;:&quot;7219af7&quot;,&quot;jet_parallax_layout_image_tablet&quot;:{&quot;url&quot;:&quot;&quot;,&quot;id&quot;:&quot;&quot;,&quot;size&quot;:&quot;&quot;},&quot;jet_parallax_layout_image_mobile&quot;:{&quot;url&quot;:&quot;&quot;,&quot;id&quot;:&quot;&quot;,&quot;size&quot;:&quot;&quot;},&quot;jet_parallax_layout_speed&quot;:{&quot;unit&quot;:&quot;%&quot;,&quot;size&quot;:50,&quot;sizes&quot;:[]},&quot;jet_parallax_layout_type&quot;:&quot;scroll&quot;,&quot;jet_parallax_layout_z_index&quot;:&quot;&quot;,&quot;jet_parallax_layout_bg_x&quot;:50,&quot;jet_parallax_layout_bg_y&quot;:50,&quot;jet_parallax_layout_bg_size&quot;:&quot;auto&quot;,&quot;jet_parallax_layout_animation_prop&quot;:&quot;transform&quot;,&quot;jet_parallax_layout_on&quot;:[&quot;desktop&quot;,&quot;tablet&quot;],&quot;jet_parallax_layout_direction&quot;:null,&quot;jet_parallax_layout_fx_direction&quot;:null,&quot;jet_parallax_layout_bg_x_tablet&quot;:&quot;&quot;,&quot;jet_parallax_layout_bg_x_mobile&quot;:&quot;&quot;,&quot;jet_parallax_layout_bg_y_tablet&quot;:&quot;&quot;,&quot;jet_parallax_layout_bg_y_mobile&quot;:&quot;&quot;,&quot;jet_parallax_layout_bg_size_tablet&quot;:&quot;&quot;,&quot;jet_parallax_layout_bg_size_mobile&quot;:&quot;&quot;}]}\">\n\t\t\t\t\t\t<div class=\"elementor-container elementor-column-gap-default\">\n\t\t\t\t\t<div class=\"elementor-column elementor-col-100 elementor-top-column elementor-element elementor-element-2b1f9df\" data-id=\"2b1f9df\" data-element_type=\"column\">\n\t\t\t<div class=\"elementor-widget-wrap elementor-element-populated\">\n\t\t\t\t\t\t<div class=\"elementor-element elementor-element-453e019 elementor-widget elementor-widget-heading\" data-id=\"453e019\" data-element_type=\"widget\" data-widget_type=\"heading.default\">\n\t\t\t\t<div class=\"elementor-widget-container\">\n\t\t\t\t\t<h1 class=\"elementor-heading-title elementor-size-xl\">Opportunit\u00e0 Commerciali  Privacy<\/h1>\t\t\t\t<\/div>\n\t\t\t\t<\/div>\n\t\t\t\t<div class=\"elementor-element elementor-element-387091a elementor-align-left elementor-widget elementor-widget-raven-heading\" data-id=\"387091a\" data-element_type=\"widget\" data-widget_type=\"raven-heading.default\">\n\t\t\t\t<div class=\"elementor-widget-container\">\n\t\t\t\t\t\t\t<div class=\"raven-widget-wrapper\"><h2 class=\"raven-heading raven-heading-h2\"><span class=\"raven-heading-title \">INFORMATIVA PRIVACY<\/span><\/h2><\/div>\n\t\t\t\t\t\t<\/div>\n\t\t\t\t<\/div>\n\t\t\t\t<div class=\"elementor-element elementor-element-dab5472 elementor-widget elementor-widget-text-editor\" data-id=\"dab5472\" data-element_type=\"widget\" data-widget_type=\"text-editor.default\">\n\t\t\t\t<div class=\"elementor-widget-container\">\n\t\t\t\t\t\t\t\t\t<p>In questa pagina si descrivono le modalit\u00e0 di gestione del sito in riferimento al trattamento dei dati personali degli utenti che lo consultano. La presente informativa \u00e8 resa ai sensi dell\u2019art. 13 del Regolamento UE 2016\/679, Regolamento Europeo sulla Protezione dei Dati Personali (di seguito, \u201cRegolamento\u201d oppure \u201cGDPR\u201d) a coloro che interagiscono con i servizi web del sito https:\/\/www.mondovicino.it.<\/p><p>Le presenti informazioni non riguardano altri siti, pagine o servizi online raggiungibili tramite link ipertestuali eventualmente pubblicati nei siti ma riferiti a risorse esterne al dominio https:\/\/www.mondovicino.it.<\/p>\t\t\t\t\t\t\t\t<\/div>\n\t\t\t\t<\/div>\n\t\t\t\t<div class=\"elementor-element elementor-element-d76068e elementor-align-left elementor-widget elementor-widget-raven-heading\" data-id=\"d76068e\" data-element_type=\"widget\" data-widget_type=\"raven-heading.default\">\n\t\t\t\t<div class=\"elementor-widget-container\">\n\t\t\t\t\t\t\t<div class=\"raven-widget-wrapper\"><h3 class=\"raven-heading raven-heading-h3\"><span class=\"raven-heading-title \">1. Titolare del trattamento<\/span><\/h3><\/div>\n\t\t\t\t\t\t<\/div>\n\t\t\t\t<\/div>\n\t\t\t\t<div class=\"elementor-element elementor-element-50100b5 elementor-widget elementor-widget-text-editor\" data-id=\"50100b5\" data-element_type=\"widget\" data-widget_type=\"text-editor.default\">\n\t\t\t\t<div class=\"elementor-widget-container\">\n\t\t\t\t\t\t\t\t\t<p>Il Titolare del trattamento dei dati, ai sensi degli artt. 4 e 24 del Reg. UE 2016\/679, \u00e8:<br \/><strong>Tavolera S.r.l.<\/strong> sede Legale e Amministrativa 12084 Mondov\u00ec (CN) \u2013 Piazza G.Jemina 47 \u2013 C.F. e P.IVA 02809110048, email <a href=\"mailto:privacy@mondovicino.it\">privacy@mondovicino.it<\/a><\/p>\t\t\t\t\t\t\t\t<\/div>\n\t\t\t\t<\/div>\n\t\t\t\t<div class=\"elementor-element elementor-element-469c796 elementor-align-left elementor-widget elementor-widget-raven-heading\" data-id=\"469c796\" data-element_type=\"widget\" data-widget_type=\"raven-heading.default\">\n\t\t\t\t<div class=\"elementor-widget-container\">\n\t\t\t\t\t\t\t<div class=\"raven-widget-wrapper\"><h3 class=\"raven-heading raven-heading-h3\"><span class=\"raven-heading-title \">2. Che tipo di dati personali raccogliamo<\/span><\/h3><\/div>\n\t\t\t\t\t\t<\/div>\n\t\t\t\t<\/div>\n\t\t\t\t<div class=\"elementor-element elementor-element-52f9b42 elementor-widget elementor-widget-text-editor\" data-id=\"52f9b42\" data-element_type=\"widget\" data-widget_type=\"text-editor.default\">\n\t\t\t\t<div class=\"elementor-widget-container\">\n\t\t\t\t\t\t\t\t\t<p>Il Titolare raccoglie e\/o riceve le informazioni che Ti riguardano, quali: nome, cognome, azienda di appartenenza, partita iva o codice fiscale, indirizzo, indirizzo e-mail, numero di telefono e fax.<\/p>\t\t\t\t\t\t\t\t<\/div>\n\t\t\t\t<\/div>\n\t\t\t\t<div class=\"elementor-element elementor-element-481a79d elementor-align-left elementor-widget elementor-widget-raven-heading\" data-id=\"481a79d\" data-element_type=\"widget\" data-widget_type=\"raven-heading.default\">\n\t\t\t\t<div class=\"elementor-widget-container\">\n\t\t\t\t\t\t\t<div class=\"raven-widget-wrapper\"><h3 class=\"raven-heading raven-heading-h3\"><span class=\"raven-heading-title \">3. Finalit\u00e0 e base giuridica del trattamento. Periodo di conservazione dei dati<\/span><\/h3><\/div>\n\t\t\t\t\t\t<\/div>\n\t\t\t\t<\/div>\n\t\t\t\t<div class=\"elementor-element elementor-element-90854ed elementor-widget elementor-widget-text-editor\" data-id=\"90854ed\" data-element_type=\"widget\" data-widget_type=\"text-editor.default\">\n\t\t\t\t<div class=\"elementor-widget-container\">\n\t\t\t\t\t\t\t\t\t<p>I dati raccolti saranno trattati per le seguenti finalit\u00e0:<\/p><p><strong><em>a) Raccolta dati tramite form \u201copportunit\u00e0 commerciali\u201d<\/em><\/strong>: I dati da Te forniti il form appositamente predisposto sul nostro sito, saranno trattati unicamente per finalit\u00e0 di acquisire informazioni relative a nuove collaborazioni commerciali.<br \/><em>BASE GIURIDICA<\/em>: il trattamento \u00e8 necessario all&#8217;esecuzione di misure precontrattuali adottate su richiesta dell\u2019interessato e in esecuzione obblighi di legge.<br \/><em>NATURA DEL CONFERIMENTO<\/em>:\u00a0il conferimento dei dati \u00e8 facoltativo o necessario a seconda della specifica finalit\u00e0 per la quale il dato viene trattato. Il mancato conferimento dei dati contrassegnati con il simbolo* comporter\u00e0 l\u2019impossibilit\u00e0 di ottenere quanto richiesto o di acquisire informazioni dal titolare del trattamento.<\/p><p>Periodo conservazione dati: 1 anno<\/p>\t\t\t\t\t\t\t\t<\/div>\n\t\t\t\t<\/div>\n\t\t\t\t<div class=\"elementor-element elementor-element-4ca6a93 elementor-align-left elementor-widget elementor-widget-raven-heading\" data-id=\"4ca6a93\" data-element_type=\"widget\" data-widget_type=\"raven-heading.default\">\n\t\t\t\t<div class=\"elementor-widget-container\">\n\t\t\t\t\t\t\t<div class=\"raven-widget-wrapper\"><h3 class=\"raven-heading raven-heading-h3\"><span class=\"raven-heading-title \">4. Modalit\u00e0 del trattamento e conservazione dei dati<\/span><\/h3><\/div>\n\t\t\t\t\t\t<\/div>\n\t\t\t\t<\/div>\n\t\t\t\t<div class=\"elementor-element elementor-element-88cdbb2 elementor-widget elementor-widget-text-editor\" data-id=\"88cdbb2\" data-element_type=\"widget\" data-widget_type=\"text-editor.default\">\n\t\t\t\t<div class=\"elementor-widget-container\">\n\t\t\t\t\t\t\t\t\t<p>Il trattamento dei dati verr\u00e0 svolto in forma automatizzata e manuale, con logiche strettamente correlate alle finalit\u00e0 indicate e comunque in modo da garantire la sicurezza e la riservatezza dei dati stessi, ad opera di soggetti di ci\u00f2 appositamente autorizzati. Tali dati saranno conservati, cos\u00ec come specificato ai punti sopra, per il tempo strettamente necessario a fornirTi i servizi richiesti e saranno in ogni caso eliminati a seguito di una Tua richiesta, salvi ulteriori obblighi di conservazione previsti dalla legge.<\/p>\t\t\t\t\t\t\t\t<\/div>\n\t\t\t\t<\/div>\n\t\t\t\t<div class=\"elementor-element elementor-element-a3edd5d elementor-align-left elementor-widget elementor-widget-raven-heading\" data-id=\"a3edd5d\" data-element_type=\"widget\" data-widget_type=\"raven-heading.default\">\n\t\t\t\t<div class=\"elementor-widget-container\">\n\t\t\t\t\t\t\t<div class=\"raven-widget-wrapper\"><h3 class=\"raven-heading raven-heading-h3\"><span class=\"raven-heading-title \">5. Destinatari dei dati personali<\/span><\/h3><\/div>\n\t\t\t\t\t\t<\/div>\n\t\t\t\t<\/div>\n\t\t\t\t<div class=\"elementor-element elementor-element-f17d2f3 elementor-widget elementor-widget-text-editor\" data-id=\"f17d2f3\" data-element_type=\"widget\" data-widget_type=\"text-editor.default\">\n\t\t\t\t<div class=\"elementor-widget-container\">\n\t\t\t\t\t\t\t\t\tI dati personali potranno essere comunicati a soggetti terzi che svolgono attivit\u00e0 necessarie per l\u2019erogazione dei servizi offerti dalla societ\u00e0, che tratteranno i dati in qualit\u00e0 di responsabili del trattamento e\/o in qualit\u00e0 di persone fisiche che agiscono sotto l\u2019autorit\u00e0 del Titolare e del Responsabile. Precisamente, i dati saranno trattati dai seguenti soggetti o categorie di soggetti:\n<ul>\n \t<li>Societ\u00e0 collegate al Titolare o partner commerciali che svolgono, a titolo esemplificativo, supporto alla prestazione dei servizi IT;<\/li>\n \t<li>Fornitori di servizi che agiscono per conto del titolare sulla base di accordi contrattuali, al fine di svolgere attivit\u00e0 legate alla gestione amministrativa, commerciale e pubblicitaria, tra cui la societ\u00e0 Promos Srl;<\/li>\n \t<li>Societ\u00e0 e consulenti, in ambito di assistenza e consulenza legale, contabile e fiscale;<\/li>\n \t<li>Autorit\u00e0 competenti per adempimenti di obblighi di leggi e\/o di disposizioni di organi pubblici, su richiesta.<\/li>\n<\/ul>\nIl Titolare garantisce la massima cura affinch\u00e9 la comunicazione dei Tuoi dati personali ai predetti destinatari riguardi esclusivamente i dati necessari per il raggiungimento delle specifiche finalit\u00e0 cui sono destinati. I Tuoi dati personali sono conservati nei database del Titolare e saranno trattati esclusivamente da parte di personale autorizzato.\nL\u2019elenco completo e aggiornato dei Responsabili del trattamento \u00e8 disponibile presso la sede della societ\u00e0.\nI suoi dati personali non saranno oggetto di diffusione.\t\t\t\t\t\t\t\t<\/div>\n\t\t\t\t<\/div>\n\t\t\t\t<div class=\"elementor-element elementor-element-a89c38c elementor-align-left elementor-widget elementor-widget-raven-heading\" data-id=\"a89c38c\" data-element_type=\"widget\" data-widget_type=\"raven-heading.default\">\n\t\t\t\t<div class=\"elementor-widget-container\">\n\t\t\t\t\t\t\t<div class=\"raven-widget-wrapper\"><h3 class=\"raven-heading raven-heading-h3\"><span class=\"raven-heading-title \">6. Trasferimento dei dati personali verso un paese terzo<\/span><\/h3><\/div>\n\t\t\t\t\t\t<\/div>\n\t\t\t\t<\/div>\n\t\t\t\t<div class=\"elementor-element elementor-element-cf8bb6b elementor-widget elementor-widget-text-editor\" data-id=\"cf8bb6b\" data-element_type=\"widget\" data-widget_type=\"text-editor.default\">\n\t\t\t\t<div class=\"elementor-widget-container\">\n\t\t\t\t\t\t\t\t\t<p>I dati di natura personale forniti non saranno trasferiti in Paesi Extra UE.<\/p>\t\t\t\t\t\t\t\t<\/div>\n\t\t\t\t<\/div>\n\t\t\t\t<div class=\"elementor-element elementor-element-8bf05f0 elementor-align-left elementor-widget elementor-widget-raven-heading\" data-id=\"8bf05f0\" data-element_type=\"widget\" data-widget_type=\"raven-heading.default\">\n\t\t\t\t<div class=\"elementor-widget-container\">\n\t\t\t\t\t\t\t<div class=\"raven-widget-wrapper\"><h3 class=\"raven-heading raven-heading-h3\"><span class=\"raven-heading-title \">7. Diritti dell'interessato<\/span><\/h3><\/div>\n\t\t\t\t\t\t<\/div>\n\t\t\t\t<\/div>\n\t\t\t\t<div class=\"elementor-element elementor-element-95f0258 elementor-widget elementor-widget-text-editor\" data-id=\"95f0258\" data-element_type=\"widget\" data-widget_type=\"text-editor.default\">\n\t\t\t\t<div class=\"elementor-widget-container\">\n\t\t\t\t\t\t\t\t\t<p>Potrai far valere i Tuoi diritti come espressi dagli artt. 15, 16, 17, 18, 19, 20, 21 del Regolamento UE 2016\/679, chiedendo in qualunque momento, al Titolare del trattamento, l\u2019accesso ai Tuoi dati personali, la rettifica, la cancellazione degli stessi, la limitazione del trattamento e la portabilit\u00e0 dei suoi dati, nel caso. Inoltre, hai il diritto di opporti, in qualsiasi momento, al trattamento dei Tuoi dati basato sul consenso e\/o sul legittimo interesse.<\/p><p>Fatto salvo ogni altro ricorso amministrativo e giurisdizionale, se ritieni che il trattamento dei dati che Ti riguardano violi quanto previsto dal Reg. UE 2016\/679, ai sensi dell\u2019art. 15 lettera f) del succitato Reg. UE 2016\/679, hai il diritto di proporre reclamo al Garante per la protezione dei dati personali (Autorit\u00e0 di controllo\u00a0<a href=\"http:\/\/www.garanteprivacy.it\" target=\"_blank\" rel=\"noopener\">www.garanteprivacy.it<\/a>).<br \/>Per esercitare i diritti di cui sopra l\u2019interessato potr\u00e0 rivolgersi al Titolare ai seguenti recapiti: <a href=\"mailto:privacy@mondovicino.it\">privacy@mondovicino.it<\/a>.<\/p>\t\t\t\t\t\t\t\t<\/div>\n\t\t\t\t<\/div>\n\t\t\t\t<div class=\"elementor-element elementor-element-08334b5 elementor-align-left elementor-widget elementor-widget-raven-heading\" data-id=\"08334b5\" data-element_type=\"widget\" data-widget_type=\"raven-heading.default\">\n\t\t\t\t<div class=\"elementor-widget-container\">\n\t\t\t\t\t\t\t<div class=\"raven-widget-wrapper\"><h3 class=\"raven-heading raven-heading-h3\"><span class=\"raven-heading-title \">8. Aggiornamenti<\/span><\/h3><\/div>\n\t\t\t\t\t\t<\/div>\n\t\t\t\t<\/div>\n\t\t\t\t<div class=\"elementor-element elementor-element-bd56d96 elementor-widget elementor-widget-text-editor\" data-id=\"bd56d96\" data-element_type=\"widget\" data-widget_type=\"text-editor.default\">\n\t\t\t\t<div class=\"elementor-widget-container\">\n\t\t\t\t\t\t\t\t\t<p>La presente privacy policy pu\u00f2 subire modifiche e\/o integrazioni a seguito di eventuali successive modifiche e\/o integrazioni normative, all\u2019aggiornamento o erogazione di nuovi servizi ovvero ad intervenute innovazioni tecnologiche.<\/p><p><em>Ultimo aggiornamento Gennaio 2021<\/em><\/p>\t\t\t\t\t\t\t\t<\/div>\n\t\t\t\t<\/div>\n\t\t\t\t<div class=\"elementor-element elementor-element-2602223 elementor-widget elementor-widget-spacer\" data-id=\"2602223\" data-element_type=\"widget\" data-widget_type=\"spacer.default\">\n\t\t\t\t<div class=\"elementor-widget-container\">\n\t\t\t\t\t\t\t<div class=\"elementor-spacer\">\n\t\t\t<div class=\"elementor-spacer-inner\"><\/div>\n\t\t<\/div>\n\t\t\t\t\t\t<\/div>\n\t\t\t\t<\/div>\n\t\t\t\t\t<\/div>\n\t\t<\/div>\n\t\t\t\t\t<\/div>\n\t\t<\/section>\n\t\t\t\t<\/div>\n\t\t","protected":false},"excerpt":{"rendered":"<p>INFORMATIVA PRIVACY In questa pagina si descrivono le modalit\u00e0 di gestione del sito in riferimento al trattamento dei dati personali degli utenti che lo consultano. La presente informativa \u00e8 resa ai sensi dell\u2019art. 13 del Regolamento UE 2016\/679, Regolamento Europeo sulla Protezione dei Dati Personali (di seguito, \u201cRegolamento\u201d oppure \u201cGDPR\u201d) a coloro che interagiscono con [&hellip;]<\/p>\n","protected":false},"author":1,"featured_media":0,"parent":0,"menu_order":0,"comment_status":"closed","ping_status":"closed","template":"elementor_header_footer","meta":{"_acf_changed":false,"footnotes":"","_links_to":"","_links_to_target":""},"class_list":["post-12697","page","type-page","status-publish","hentry"],"acf":[],"aioseo_notices":[],"publishpress_future_action":{"enabled":false,"date":"2026-04-20 08:04:40","action":"change-status","newStatus":"draft","terms":[],"taxonomy":"translation_priority","extraData":[]},"publishpress_future_workflow_manual_trigger":{"enabledWorkflows":[]},"_links":{"self":[{"href":"https:\/\/mondovicino.it\/it\/wp-json\/wp\/v2\/pages\/12697","targetHints":{"allow":["GET"]}}],"collection":[{"href":"https:\/\/mondovicino.it\/it\/wp-json\/wp\/v2\/pages"}],"about":[{"href":"https:\/\/mondovicino.it\/it\/wp-json\/wp\/v2\/types\/page"}],"author":[{"embeddable":true,"href":"https:\/\/mondovicino.it\/it\/wp-json\/wp\/v2\/users\/1"}],"replies":[{"embeddable":true,"href":"https:\/\/mondovicino.it\/it\/wp-json\/wp\/v2\/comments?post=12697"}],"version-history":[{"count":6,"href":"https:\/\/mondovicino.it\/it\/wp-json\/wp\/v2\/pages\/12697\/revisions"}],"predecessor-version":[{"id":12706,"href":"https:\/\/mondovicino.it\/it\/wp-json\/wp\/v2\/pages\/12697\/revisions\/12706"}],"wp:attachment":[{"href":"https:\/\/mondovicino.it\/it\/wp-json\/wp\/v2\/media?parent=12697"}],"curies":[{"name":"wp","href":"https:\/\/api.w.org\/{rel}","templated":true}]}}