{"id":50138,"date":"2026-03-27T16:14:33","date_gmt":"2026-03-27T15:14:33","guid":{"rendered":"https:\/\/mondovicino.it\/?page_id=50138"},"modified":"2026-03-27T16:31:44","modified_gmt":"2026-03-27T15:31:44","slug":"informativa-privacy-rss","status":"publish","type":"page","link":"https:\/\/mondovicino.it\/it\/informative-privacy\/informativa-privacy-rss\/","title":{"rendered":"Informativa Privacy \u2013 RSS"},"content":{"rendered":"\t\t<div data-elementor-type=\"wp-page\" data-elementor-id=\"50138\" class=\"elementor elementor-50138\" data-elementor-post-type=\"page\">\n\t\t\t\t\t\t<section class=\"elementor-section elementor-top-section elementor-element elementor-element-b0b98d8 elementor-section-boxed elementor-section-height-default elementor-section-height-default\" data-id=\"b0b98d8\" data-element_type=\"section\" data-settings=\"{&quot;jet_parallax_layout_list&quot;:[]}\">\n\t\t\t\t\t\t<div class=\"elementor-container elementor-column-gap-default\">\n\t\t\t\t\t<div class=\"elementor-column elementor-col-100 elementor-top-column elementor-element elementor-element-b0dfc80\" data-id=\"b0dfc80\" data-element_type=\"column\">\n\t\t\t<div class=\"elementor-widget-wrap elementor-element-populated\">\n\t\t\t\t\t\t<div class=\"elementor-element elementor-element-1457b01 elementor-widget elementor-widget-heading\" data-id=\"1457b01\" data-element_type=\"widget\" data-widget_type=\"heading.default\">\n\t\t\t\t<div class=\"elementor-widget-container\">\n\t\t\t\t\t<h2 class=\"elementor-heading-title elementor-size-default\">InformativA privacy RSS<\/h2>\t\t\t\t<\/div>\n\t\t\t\t<\/div>\n\t\t\t\t<div class=\"elementor-element elementor-element-98c5fa0 elementor-widget elementor-widget-text-editor\" data-id=\"98c5fa0\" data-element_type=\"widget\" data-widget_type=\"text-editor.default\">\n\t\t\t\t<div class=\"elementor-widget-container\">\n\t\t\t\t\t\t\t\t\t<p>(ai sensi degli artt. 13 e 14 Regolamento europeo 2016\/679)<\/p>\t\t\t\t\t\t\t\t<\/div>\n\t\t\t\t<\/div>\n\t\t\t\t<div class=\"elementor-element elementor-element-1948e4f elementor-align-center elementor-widget elementor-widget-raven-breadcrumbs\" data-id=\"1948e4f\" data-element_type=\"widget\" data-widget_type=\"raven-breadcrumbs.default\">\n\t\t\t\t<div class=\"elementor-widget-container\">\n\t\t\t\t\t<div class=\"raven-breadcrumbs raven-breadcrumbs-default\"><div class=\"breadcrumb\">\t\t\t\t<div class=\"breadcrumb-item active\" aria-current=\"page\"><span>Home<\/span><\/div>\n\n\t\t\t\t<\/div><\/div>\t\t\t\t<\/div>\n\t\t\t\t<\/div>\n\t\t\t\t\t<\/div>\n\t\t<\/div>\n\t\t\t\t\t<\/div>\n\t\t<\/section>\n\t\t\t\t<section class=\"elementor-section elementor-top-section elementor-element elementor-element-9aa8304 elementor-section-boxed elementor-section-height-default elementor-section-height-default\" data-id=\"9aa8304\" data-element_type=\"section\" data-settings=\"{&quot;jet_parallax_layout_list&quot;:[]}\">\n\t\t\t\t\t\t<div class=\"elementor-container elementor-column-gap-default\">\n\t\t\t\t\t<div class=\"elementor-column elementor-col-100 elementor-top-column elementor-element elementor-element-fcfb012\" data-id=\"fcfb012\" data-element_type=\"column\">\n\t\t\t<div class=\"elementor-widget-wrap elementor-element-populated\">\n\t\t\t\t\t\t<div class=\"elementor-element elementor-element-0319951 elementor-widget elementor-widget-text-editor\" data-id=\"0319951\" data-element_type=\"widget\" data-widget_type=\"text-editor.default\">\n\t\t\t\t<div class=\"elementor-widget-container\">\n\t\t\t\t\t\t\t\t\t<p><b>1. TITOLARE DEL TRATTAMENTO &#8211; RESPONSABILE DELLA PROTEZIONE DEI DATI (DPO) E RESPONSABILE DEL TRATTAMENTO\u00a0<\/b><\/p><p><span style=\"text-decoration: underline;\"><span style=\"font-weight: 400;\">Il <\/span><span style=\"font-weight: 400;\">Titolare del trattamento dei dati personali<\/span><\/span><span style=\"font-weight: 400;\"> \u00e8 Tavolera S.r.l. (C.F. e P.IVA 02809110048), in persona del legale rappresentante <\/span><i><span style=\"font-weight: 400;\">pro tempore<\/span><\/i><span style=\"font-weight: 400;\">, con sede in 12084 Mondov\u00ec (CN) \u2013 Piazza G. Jemina 47; contatto email: <\/span><span style=\"text-decoration: underline;\"><a href=\"mailto:privacy@mondovicino.it\"><span style=\"font-weight: 400;\">privacy@mondovicino.it<\/span><\/a><\/span><span style=\"font-weight: 400;\">.\u00a0<\/span><\/p><p><span style=\"font-weight: 400;\">Il <\/span><span style=\"text-decoration: underline;\"><span style=\"font-weight: 400;\">Responsabile della Protezione dei dati<\/span><\/span><span style=\"font-weight: 400;\"> (RPD e\/o DPO) \u00e8 contattabile al seguente indirizzo email: <\/span><span style=\"text-decoration: underline;\"><a href=\"mailto:digiacomo@luisadigiacomo.it\"><span style=\"font-weight: 400;\">digiacomo@luisadigiacomo.it<\/span><\/a><span style=\"font-weight: 400;\">.\u00a0<\/span><\/span><\/p><p><span style=\"text-decoration: underline;\"><span style=\"font-weight: 400;\">Il <\/span><span style=\"font-weight: 400;\">Responsabile esterno del trattamento<\/span><\/span><span style=\"font-weight: 400;\">, in quanto preposto alla gestione commerciale e promozionale, nonch\u00e9 alla gestione delle relazioni con gli utenti dell\u2019Outlet, \u00e8 Promos S.r.l. (C.F.\/P.IVA: 03123920179), con sede in 25124 Brescia (BS) \u2013 via San Zeno 173; contatti: Phone +39 030 2422862 &#8211; Fax: +39 030 2422870, email: <\/span><span style=\"text-decoration: underline;\"><a href=\"mailto:privacy@promosgroup.it\"><span style=\"font-weight: 400;\">privacy@promosgroup.it<\/span><\/a><\/span><span style=\"font-weight: 400;\">.\u00a0<\/span><\/p><p><b>2. A CHI SI APPLICA LA PRESENTE INFORMATIVA<\/b><\/p><p><span style=\"font-weight: 400;\">La presente informativa riguarda il trattamento dei dati personali connesso alla gestione di:<\/span><\/p><ul><li style=\"font-weight: 400;\" aria-level=\"1\"><span style=\"font-weight: 400;\">reclami relativi al Centro (es. servizi comuni, pulizia, sicurezza, parcheggi, ecc.);<\/span><\/li><li style=\"font-weight: 400;\" aria-level=\"1\"><span style=\"font-weight: 400;\">reclami relativi a singoli punti vendita\/brand presenti nel Centro (con eventuale inoltro al punto vendita);<\/span><\/li><li style=\"font-weight: 400;\" aria-level=\"1\"><span style=\"font-weight: 400;\">suggerimenti\/feedback su servizi ed esperienza complessiva;<\/span><\/li><li style=\"font-weight: 400;\" aria-level=\"1\"><span style=\"font-weight: 400;\">sinistri\/incidenti\/infortuni occorsi presso l\u2019Outlet e attivit\u00e0 conseguenti (presa in carico, gestione evento, eventuale attivazione assicurativa).<\/span><\/li><\/ul><p><b>3. CATEGORIE DI DATI TRATTATI<\/b><\/p><p><span style=\"font-weight: 400;\">A seconda dei casi, il Titolare pu\u00f2 trattare:<\/span><\/p><p><b>A) Reclami e suggerimenti (Outlet o punto vendita)<\/b><\/p><ul><li aria-level=\"1\"><span style=\"font-weight: 400;\">dati identificativi (nome e cognome);<\/span><\/li><li aria-level=\"1\"><span style=\"font-weight: 400;\">recapiti (telefono\/e-mail);<\/span><\/li><li aria-level=\"1\"><span style=\"font-weight: 400;\">informazioni relative alla segnalazione (es. data\/luogo e descrizione del fatto).<\/span><\/li><\/ul><p><b>B) Sinistri<\/b><\/p><ul><li aria-level=\"1\"><span style=\"font-weight: 400;\">dati identificativi (nome e cognome);<\/span><\/li><li aria-level=\"1\"><span style=\"font-weight: 400;\">eventuali recapiti;<\/span><\/li><li aria-level=\"1\"><span style=\"font-weight: 400;\">dati relativi all\u2019evento (es.\u00a0 data\/ora\/luogo, dinamica, tipologia: infortunio\/danno a cose\/altro);<\/span><\/li><li aria-level=\"1\"><span style=\"font-weight: 400;\">eventuali nominativi e contatti di testimoni, se strettamente necessario per la corretta gestione del sinistro o se richiesti dalla compagnia assicurativa;<\/span><\/li><li aria-level=\"1\"><span style=\"font-weight: 400;\">documentazione e comunicazioni indispensabili alla gestione dell\u2019evento e all\u2019eventuale attivazione assicurativa<\/span><\/li><\/ul><p><b>C) Dati particolari<\/b><\/p><p><span style=\"font-weight: 400;\">Il Titolare <\/span><b>non richiede<\/b> <b>n\u00e9 tratta intenzionalmente<\/b><span style=\"font-weight: 400;\"> dati relativi alla salute o altri dati \u201cparticolari\u201d ex art. 9 GDPR nell\u2019ambito della gestione ordinaria delle segnalazioni e invita gli interessati a non trasmetterli via e-mail.\u00a0<\/span><\/p><p><span style=\"font-weight: 400;\">Eventuali dati sanitari inviati spontaneamente via e-mail all\u2019Infopoint sono cancellati immediatamente e non vengono archiviati.\u00a0<\/span><\/p><p><span style=\"font-weight: 400;\">In casi di sinistro, eventuali dati\/atti necessari alla gestione assicurativa o alla tutela dei diritti potranno essere trattati solo dal dipartimento competente e\/o dai soggetti coinvolti (es. assicurazione) con adeguate cautele e nei limiti di stretta necessit\u00e0.<\/span><\/p><p><b>4. FONTE DEI DATI (artt. 13 e 14 GDPR)<\/b><\/p><p><span style=\"font-weight: 400;\">I dati possono essere raccolti:<\/span><\/p><ul><li aria-level=\"1\"><span style=\"font-weight: 400;\">direttamente dall\u2019interessato (es. presso l\u2019Infopoint o tramite e-mail);<\/span><\/li><li aria-level=\"1\"><span style=\"font-weight: 400;\">da terzi (es. accompagnatori, testimoni, personale dei punti vendita);<\/span><\/li><li aria-level=\"1\"><span style=\"font-weight: 400;\">da documentazione interna prodotta nell\u2019ambito della gestione (es. rapporto di servizio del portierato\/security per sinistri)<\/span><\/li><\/ul><p><span style=\"font-weight: 400;\">Quando i dati non sono raccolti presso l\u2019interessato (art. 14), il Titolare fornisce l\u2019informativa tramite pubblicazione sul sito o messa a disposizione presso l\u2019infopoint.<\/span><\/p><p><b>5. FINALITA\u2019 E BASE GIURIDICA DEL TRATTAMENTO<\/b><\/p><p><span style=\"font-weight: 400;\">Il Titolare tratta i dati per le seguenti finalit\u00e0:<\/span><\/p><p><b>A) Gestione reclami e richieste di riscontro<\/b><\/p><p><span style=\"font-weight: 400;\">Base giuridica: art. 6, par. 1, lett. b) GDPR (gestione della richiesta dell\u2019interessato) e\/o art. 6.1 f GDPR (legittimo interesse a gestire reclami, migliorare servizi e tutelare l\u2019Outlet in caso di contestazioni).<\/span><\/p><p><b>B) Gestione feedback, suggerimenti e miglioramenti di servizio<\/b><\/p><p><span style=\"font-weight: 400;\">Base giuridica: art. 6.1 f GDPR (legittimo interesse al miglioramento continuo dei servizi).\u00a0<\/span><\/p><p><b>C) Inoltro di un reclamo ad un punto vendita dell\u2019Outlet\u00a0<\/b><\/p><p><span style=\"font-weight: 400;\">Base giuridica: art. 6.1 a GDPR (<\/span><b>consenso<\/b><span style=\"font-weight: 400;\">) quando previsto\/richiesto in base alle modalit\u00e0 operative adottate.\u00a0<\/span><\/p><p><span style=\"font-weight: 400;\">In assenza di consenso, il Titolare gestisce il reclamo nei limiti delle proprie competenze senza inoltrare i dati al brand.<\/span><\/p><p><b>Ruolo del brand:<\/b><span style=\"font-weight: 400;\"> quando la segnalazione viene trasmessa al punto vendita, quest\u2019ultimo opera tipicamente come titolare autonomo per la gestione della relazione con il cliente e fornisce il proprio riscontro.<\/span><\/p><p><b>D) Gestione sinistri e adempimenti connessi<\/b><\/p><p><span style=\"font-weight: 400;\">Base giuridica: art. 6.1 b GDPR (gestione della richiesta\/segnalazione dell\u2019interessato, ove applicabile); art. 6.1 c GDPR (adempimenti di legge connessi alla gestione dell\u2019evento\/sinistro, ove applicabili); art. 6.1 f GDPR (legittimo interesse alla tutela del patrimonio e dei diritti del Titolare, gestione contestazioni e difesa).<\/span><\/p><p><b>6. NATURA DEL CONFERIMENTO DEI DATI<\/b><\/p><p><span style=\"font-weight: 400;\">Il conferimento dei dati \u00e8 facoltativo, ma:<\/span><\/p><ul><li style=\"font-weight: 400;\" aria-level=\"1\"><span style=\"font-weight: 400;\">senza dati di contatto potrebbe non essere possibile fornire riscontro;<\/span><\/li><li style=\"font-weight: 400;\" aria-level=\"1\"><span style=\"font-weight: 400;\">senza consenso\/autorizzazione non potremo inoltrare il reclamo al punto vendita, se richiesto;\u00a0<\/span><\/li><li style=\"font-weight: 400;\" aria-level=\"1\"><span style=\"font-weight: 400;\">senza elementi minimi utili (es. descrizione dell\u2019evento) potrebbe non essere possibile istruire la pratica di sinistro.<\/span><\/li><\/ul><p><b>7. MODALITA\u2019 DI TRATTAMENTO DEI DATI<\/b><\/p><p><span style=\"font-weight: 400;\">I dati sono trattati da personale autorizzato, con strumenti cartacei e\/o informatici, adottando misure tecniche e organizzative adeguate.<\/span><\/p><p><span style=\"font-weight: 400;\">In particolare:<\/span><\/p><ul><li style=\"font-weight: 400;\" aria-level=\"1\"><span style=\"font-weight: 400;\">raccolta di dati minimi e pertinenti (principio di minimizzazione);<\/span><\/li><li style=\"font-weight: 400;\" aria-level=\"1\"><span style=\"font-weight: 400;\">limitazione degli accessi a pratiche e archivi secondo necessit\u00e0 (\u201cneed to know\u201d);<\/span><\/li><li style=\"font-weight: 400;\" aria-level=\"1\"><span style=\"font-weight: 400;\">indicazioni operative per evitare raccolta di dati non necessari, specie nei rapporti di servizio per sinistri.<\/span><\/li><\/ul><p><b>8. TRASFERIMENTO DEI DATI PERSONALI<\/b><\/p><p><span style=\"font-weight: 400;\">I dati degli interessati non sono trasferiti fuori dall\u2019Unione Europea. <\/span><span style=\"font-weight: 400;\">Qualora si dovessero verificare trasferimenti al di fuori dello spazio economico europeo, detti trasferimenti si baseranno alternativamente su una decisione di adeguatezza o sulle Standard Model Clauses approvate dalla Commissione Europea.\u00a0<\/span><\/p><p><b>9. DESTINATARI DEI DATI<\/b><\/p><p><span style=\"font-weight: 400;\">I dati possono essere comunicati, nei limiti strettamente necessari, a:<\/span><\/p><ul><li style=\"font-weight: 400;\" aria-level=\"1\"><span style=\"font-weight: 400;\">personale interno autorizzato (Infopoint, Portierato\/Security, Direzione);<\/span><\/li><li style=\"font-weight: 400;\" aria-level=\"1\"><span style=\"font-weight: 400;\">eventuali fornitori che supportano la gestione (es. societ\u00e0 di sicurezza, consulenti), in qualit\u00e0 di responsabili del trattamento;<\/span><\/li><li style=\"font-weight: 400;\" aria-level=\"1\"><span style=\"font-weight: 400;\">punti vendita\/brand (solo se l\u2019interessato autorizza\/consente l\u2019inoltro), quali titolari autonomi<\/span><\/li><li style=\"font-weight: 400;\" aria-level=\"1\"><span style=\"font-weight: 400;\">compagnia assicurativa e altri soggetti coinvolti nella gestione del sinistro (es. periti), per la corretta istruttoria e gestione dei sinistri.<\/span><\/li><\/ul><p><b>10. PERIODO DI CONSERVAZIONE DEI DATI<\/b><\/p><p><span style=\"font-weight: 400;\">I dati sono conservati per il tempo necessario a perseguire le finalit\u00e0 indicate e, in ogni caso:<\/span><\/p><ul><li aria-level=\"1\"><span style=\"font-weight: 400;\">reclami e suggerimenti\/feedback: fino a 12 mesi dalla chiusura della pratica (salvo contenzioso).<\/span><\/li><li aria-level=\"1\"><span style=\"font-weight: 400;\">Sinistri:<\/span><\/li><\/ul><p><span style=\"font-weight: 400;\">a) Infopoint: conserva la documentazione solo fino alla trasmissione al dipartimento competente dell\u2019Outlet per la gestione dell\u2019evento e l\u2019eventuale attivazione dell\u2019assicurazione; dopo tale trasmissione procede alla cancellazione\/distruzione della propria copia.<\/span><\/p><p><span style=\"font-weight: 400;\">b) Dipartimento competente: conserva la documentazione fino alla definizione del sinistro e, comunque, per il tempo necessario alla tutela dei diritti del Titolare nei limiti dei termini applicabili.<\/span><\/p><p><span style=\"font-weight: 400;\">c) Dati sanitari ricevuti via e-mail dall\u2019Infopoint: cancellazione immediata e non archiviazione.\u00a0<\/span><\/p><p><span style=\"font-weight: 400;\">In caso di contenzioso o richiesta dell\u2019Autorit\u00e0, i dati possono essere conservati per la durata del procedimento e per il periodo successivo necessario.<\/span><\/p><p><b>11. DIRITTI DEGLI INTERESSATI<\/b><\/p><p><span style=\"font-weight: 400;\">L\u2019interessato potr\u00e0, in qualsiasi momento, esercitare i diritti di cui agli artt. 15 e ss. Regolamento UE 2016\/679:\u00a0<\/span><\/p><ul><li style=\"font-weight: 400;\" aria-level=\"1\"><span style=\"font-weight: 400;\">ottenere la conferma o meno dell\u2019esistenza di dati personali che lo riguardano;<\/span><\/li><li style=\"font-weight: 400;\" aria-level=\"1\"><span style=\"font-weight: 400;\">ottenere l\u2019accesso ai dati personali e di ottenere le informazioni di cui all\u2019art. 15 Regolamento UE 2016\/679;\u00a0<\/span><\/li><li style=\"font-weight: 400;\" aria-level=\"1\"><span style=\"font-weight: 400;\">ottenere l\u2019aggiornamento, l\u2019integrazione, la rettifica o la cancellazione dei dati nei limiti previsti dalla normativa;<\/span><\/li><li style=\"font-weight: 400;\" aria-level=\"1\"><span style=\"font-weight: 400;\">ottenere la limitazione del trattamento dei dati (nei casi previsti dall\u2019art. 18 Regolamento UE 2016\/679);<\/span><\/li><li style=\"font-weight: 400;\" aria-level=\"1\"><span style=\"font-weight: 400;\">opporsi al trattamento per motivi connessi alla situazione particolare (nei limiti previsti dall\u2019art. 21 Regolamento UE 2016\/679);\u00a0<\/span><\/li><li style=\"font-weight: 400;\" aria-level=\"1\"><span style=\"font-weight: 400;\">diritto alla portabilit\u00e0 dei dati (nei casi previsti dall\u2019art. 20 Regolamento UE 2016\/679).<\/span><\/li><\/ul><p><span style=\"font-weight: 400;\">L\u2019interessato ha altres\u00ec diritto di proporre reclamo al Garante per la protezione dei dati personali (art. 77 Regolamento UE 2016\/679).\u00a0<\/span><\/p><p><span style=\"font-weight: 400;\">Per esercitare i diritti di cui sopra \u00e8 necessario contattare il titolare all&#8217;indirizzo e-mail <\/span><a href=\"mailto:privacy@mondovicino.it\"><span style=\"font-weight: 400;\">privacy@mondovicino.it<\/span><\/a><span style=\"font-weight: 400;\">, oppure all&#8217;indirizzo della sua sede legale.<\/span><\/p><p><span style=\"font-weight: 400;\">Per fornire una risposta potrebbe essere necessario identificare gli interessati mediante richiesta di fornire copia del loro documento d&#8217;identit\u00e0. Il titolare fornir\u00e0 un riscontro scritto senza ingiustificato ritardo e, comunque, non pi\u00f9 tardi di un mese dal ricevimento della richiesta stessa.\u00a0<\/span><\/p><p><b>12. AGGIORNAMENTI<\/b><\/p><p><span style=\"font-weight: 400;\">La presente privacy policy pu\u00f2 subire modifiche e\/o integrazioni a seguito di eventuali successive modifiche organizzative del Titolare e\/o legislative. <\/span><span style=\"font-weight: 400;\">Eventuali modifiche verranno pubblicate sul Sito.<\/span><\/p><p><span style=\"font-weight: 400;\">Ultimo aggiornamento febbraio 2026<\/span><\/p>\t\t\t\t\t\t\t\t<\/div>\n\t\t\t\t<\/div>\n\t\t\t\t\t<\/div>\n\t\t<\/div>\n\t\t\t\t\t<\/div>\n\t\t<\/section>\n\t\t\t\t<\/div>\n\t\t","protected":false},"excerpt":{"rendered":"<p>InformativA privacy RSS (ai sensi degli artt. 13 e 14 Regolamento europeo 2016\/679) Home 1. TITOLARE DEL TRATTAMENTO &#8211; RESPONSABILE DELLA PROTEZIONE DEI DATI (DPO) E RESPONSABILE DEL TRATTAMENTO\u00a0 Il Titolare del trattamento dei dati personali \u00e8 Tavolera S.r.l. (C.F. e P.IVA 02809110048), in persona del legale rappresentante pro tempore, con sede in 12084 Mondov\u00ec [&hellip;]<\/p>\n","protected":false},"author":4,"featured_media":0,"parent":50122,"menu_order":0,"comment_status":"closed","ping_status":"closed","template":"","meta":{"_acf_changed":false,"footnotes":"","_links_to":"","_links_to_target":""},"class_list":["post-50138","page","type-page","status-publish","hentry"],"acf":[],"aioseo_notices":[],"publishpress_future_action":{"enabled":false,"date":"2026-04-10 23:53:31","action":"change-status","newStatus":"draft","terms":[],"taxonomy":"translation_priority","extraData":[]},"publishpress_future_workflow_manual_trigger":{"enabledWorkflows":[]},"_links":{"self":[{"href":"https:\/\/mondovicino.it\/it\/wp-json\/wp\/v2\/pages\/50138","targetHints":{"allow":["GET"]}}],"collection":[{"href":"https:\/\/mondovicino.it\/it\/wp-json\/wp\/v2\/pages"}],"about":[{"href":"https:\/\/mondovicino.it\/it\/wp-json\/wp\/v2\/types\/page"}],"author":[{"embeddable":true,"href":"https:\/\/mondovicino.it\/it\/wp-json\/wp\/v2\/users\/4"}],"replies":[{"embeddable":true,"href":"https:\/\/mondovicino.it\/it\/wp-json\/wp\/v2\/comments?post=50138"}],"version-history":[{"count":4,"href":"https:\/\/mondovicino.it\/it\/wp-json\/wp\/v2\/pages\/50138\/revisions"}],"predecessor-version":[{"id":50142,"href":"https:\/\/mondovicino.it\/it\/wp-json\/wp\/v2\/pages\/50138\/revisions\/50142"}],"up":[{"embeddable":true,"href":"https:\/\/mondovicino.it\/it\/wp-json\/wp\/v2\/pages\/50122"}],"wp:attachment":[{"href":"https:\/\/mondovicino.it\/it\/wp-json\/wp\/v2\/media?parent=50138"}],"curies":[{"name":"wp","href":"https:\/\/api.w.org\/{rel}","templated":true}]}}