{"id":50143,"date":"2026-03-27T16:51:07","date_gmt":"2026-03-27T15:51:07","guid":{"rendered":"https:\/\/mondovicino.it\/?page_id=50143"},"modified":"2026-03-27T17:20:46","modified_gmt":"2026-03-27T16:20:46","slug":"informativa-privacy-oggetti-smarriti-o-ritrovati","status":"publish","type":"page","link":"https:\/\/mondovicino.it\/it\/informative-privacy\/informativa-privacy-oggetti-smarriti-o-ritrovati\/","title":{"rendered":"Informativa Privacy \u2013 Oggetti smarriti o ritrovati"},"content":{"rendered":"\t\t<div data-elementor-type=\"wp-page\" data-elementor-id=\"50143\" class=\"elementor elementor-50143\" data-elementor-post-type=\"page\">\n\t\t\t\t\t\t<section class=\"elementor-section elementor-top-section elementor-element elementor-element-b0b98d8 elementor-section-boxed elementor-section-height-default elementor-section-height-default\" data-id=\"b0b98d8\" data-element_type=\"section\" data-settings=\"{&quot;jet_parallax_layout_list&quot;:[]}\">\n\t\t\t\t\t\t<div class=\"elementor-container elementor-column-gap-default\">\n\t\t\t\t\t<div class=\"elementor-column elementor-col-100 elementor-top-column elementor-element elementor-element-b0dfc80\" data-id=\"b0dfc80\" data-element_type=\"column\">\n\t\t\t<div class=\"elementor-widget-wrap elementor-element-populated\">\n\t\t\t\t\t\t<div class=\"elementor-element elementor-element-1457b01 elementor-widget elementor-widget-heading\" data-id=\"1457b01\" data-element_type=\"widget\" data-widget_type=\"heading.default\">\n\t\t\t\t<div class=\"elementor-widget-container\">\n\t\t\t\t\t<h2 class=\"elementor-heading-title elementor-size-default\">Informativa Privacy \u2013 Oggetti smarriti o ritrovati<\/h2>\t\t\t\t<\/div>\n\t\t\t\t<\/div>\n\t\t\t\t<div class=\"elementor-element elementor-element-98c5fa0 elementor-widget elementor-widget-text-editor\" data-id=\"98c5fa0\" data-element_type=\"widget\" data-widget_type=\"text-editor.default\">\n\t\t\t\t<div class=\"elementor-widget-container\">\n\t\t\t\t\t\t\t\t\t<p>(ai sensi degli artt. 13 e 14 Regolamento europeo 2016\/679)<\/p>\t\t\t\t\t\t\t\t<\/div>\n\t\t\t\t<\/div>\n\t\t\t\t<div class=\"elementor-element elementor-element-1948e4f elementor-align-center elementor-widget elementor-widget-raven-breadcrumbs\" data-id=\"1948e4f\" data-element_type=\"widget\" data-widget_type=\"raven-breadcrumbs.default\">\n\t\t\t\t<div class=\"elementor-widget-container\">\n\t\t\t\t\t<div class=\"raven-breadcrumbs raven-breadcrumbs-default\"><div class=\"breadcrumb\">\t\t\t\t<div class=\"breadcrumb-item active\" aria-current=\"page\"><span>Home<\/span><\/div>\n\n\t\t\t\t<\/div><\/div>\t\t\t\t<\/div>\n\t\t\t\t<\/div>\n\t\t\t\t\t<\/div>\n\t\t<\/div>\n\t\t\t\t\t<\/div>\n\t\t<\/section>\n\t\t\t\t<section class=\"elementor-section elementor-top-section elementor-element elementor-element-9aa8304 elementor-section-boxed elementor-section-height-default elementor-section-height-default\" data-id=\"9aa8304\" data-element_type=\"section\" data-settings=\"{&quot;jet_parallax_layout_list&quot;:[]}\">\n\t\t\t\t\t\t<div class=\"elementor-container elementor-column-gap-default\">\n\t\t\t\t\t<div class=\"elementor-column elementor-col-100 elementor-top-column elementor-element elementor-element-fcfb012\" data-id=\"fcfb012\" data-element_type=\"column\">\n\t\t\t<div class=\"elementor-widget-wrap elementor-element-populated\">\n\t\t\t\t\t\t<div class=\"elementor-element elementor-element-0319951 elementor-widget elementor-widget-text-editor\" data-id=\"0319951\" data-element_type=\"widget\" data-widget_type=\"text-editor.default\">\n\t\t\t\t<div class=\"elementor-widget-container\">\n\t\t\t\t\t\t\t\t\t<p><b>1. TITOLARE DEL TRATTAMENTO &#8211; RESPONSABILE DELLA PROTEZIONE DEI DATI (DPO) E RESPONSABILE DEL TRATTAMENTO&nbsp;<\/b><\/p>\n<p><span style=\"font-weight: 400;\">Il <\/span><span style=\"text-decoration: underline;\"><span style=\"font-weight: 400;\">Titolare del trattamento dei dati personali<\/span><\/span><span style=\"font-weight: 400;\"> \u00e8 Tavolera S.r.l. (C.F. e P.IVA 02809110048), in persona del legale rappresentante <\/span><i><span style=\"font-weight: 400;\">pro tempore<\/span><\/i><span style=\"font-weight: 400;\">, con sede in 12084 Mondov\u00ec (CN) \u2013 Piazza G. Jemina 47; contatto email: <\/span><span style=\"text-decoration: underline;\"><a href=\"mailto:privacy@mondovicino.it\"><span style=\"font-weight: 400;\">privacy@mondovicino.it<\/span><\/a><span style=\"font-weight: 400;\">.&nbsp;<\/span><\/span><\/p>\n<p><span style=\"font-weight: 400;\">Il <\/span><span style=\"text-decoration: underline;\"><span style=\"font-weight: 400;\">Responsabile della Protezione dei dati<\/span><\/span><span style=\"font-weight: 400;\"> (RPD e\/o DPO) \u00e8 contattabile al seguente indirizzo email: <\/span><span style=\"text-decoration: underline;\"><a href=\"mailto:digiacomo@luisadigiacomo.it\"><span style=\"font-weight: 400;\">digiacomo@luisadigiacomo.it<\/span><\/a><\/span><span style=\"font-weight: 400;\"><span style=\"text-decoration: underline;\">.<\/span>&nbsp;<\/span><\/p>\n<p><span style=\"font-weight: 400;\">Il <\/span><span style=\"text-decoration: underline;\"><span style=\"font-weight: 400;\">Responsabile esterno del trattamento<\/span><\/span><span style=\"font-weight: 400;\">, in quanto preposto alla gestione commerciale e promozionale, nonch\u00e9 alla gestione delle relazioni con gli utenti dell\u2019Outlet, \u00e8 Promos S.r.l. (C.F.\/P.IVA: 03123920179), con sede in 25124 Brescia (BS) \u2013 via San Zeno 173 ; contatti: Phone +39 030 2422862 &#8211; Fax: +39 030 2422870, email: <\/span><a href=\"mailto:privacy@promosgroup.it\"><span style=\"font-weight: 400;\"><span style=\"text-decoration: underline;\">privacy@promosgroup.it<\/span><\/span><\/a><span style=\"font-weight: 400;\">.&nbsp;<\/span><\/p>\n<p><b>2. A CHI SI APPLICA LA PRESENTE INFORMATIVA<\/b><\/p>\n<p><span style=\"font-weight: 400;\">La presente informativa riguarda il trattamento dei dati personali connesso alla gestione di:<\/span><\/p>\n<ul>\n<li aria-level=\"1\"><span style=\"font-weight: 400;\">segnalazioni di smarrimento effettuate presso Infopoint e\/o con apposita modulistica;<\/span><\/li><li style=\"font-weight: 400;\" aria-level=\"1\"><span style=\"font-weight: 400;\">oggetti rinvenuti all\u2019interno dell\u2019Outlet e consegnati all\u2019Infopoint (anche quando il proprietario non \u00e8 noto o non ha presentato segnalazione);<\/span><\/li>\n<li style=\"font-weight: 400;\" aria-level=\"1\"><span style=\"font-weight: 400;\">restituzione dell\u2019oggetto;<\/span><\/li>\n<li style=\"font-weight: 400;\" aria-level=\"1\"><span style=\"font-weight: 400;\">eventuale trasferimento dell\u2019oggetto all\u2019Autorit\u00e0\/Ufficio competente.<\/span><\/li>\n<\/ul>\n<p><b>3. CATEGORIE DI DATI TRATTATI<\/b><\/p>\n<p><span style=\"font-weight: 400;\">A seconda dei casi, il Titolare pu\u00f2 trattare:<\/span><\/p>\n<p><b>A) Dati del soggetto che segnala lo smarrimento<\/b><\/p>\n<ul>\n<li aria-level=\"1\"><span style=\"font-weight: 400;\">dati identificativi (nome e cognome);<\/span><\/li>\n<li aria-level=\"1\"><span style=\"font-weight: 400;\">recapiti (telefono\/e-mail);<\/span><\/li>\n<li aria-level=\"1\"><span style=\"font-weight: 400;\">informazioni relative allo smarrimento (data\/luogo e descrizione dell\u2019oggetto).<\/span><\/li>\n<\/ul>\n<p><b>B) Dati del soggetto che richiede la restituzione<\/b><\/p>\n<ul>\n<li aria-level=\"1\"><span style=\"font-weight: 400;\">dati identificativi (nome e cognome);<\/span><\/li>\n<li aria-level=\"1\"><span style=\"font-weight: 400;\">eventuali recapiti;<\/span><\/li>\n<li aria-level=\"1\"><span style=\"font-weight: 400;\">dati relativi al documento di identit\u00e0: di regola il Titolare si limita a registrare la tipologia di documento visionato; il numero o altri estremi vengono registrati solo se strettamente necessario (es. deleghe, contestazioni, indicazioni dell\u2019Autorit\u00e0).<\/span><\/li>\n<\/ul>\n<p><b>C) Dati eventualmente contenuti nell\u2019oggetto rinvenuto<\/b><\/p>\n<p><span style=\"font-weight: 400;\">Esempi: documenti identificativi, tessere nominative, biglietti da visita, dati visibili su etichette\/badge, rubriche o notifiche non consultate su dispositivi elettronici (che non vengono sbloccati o utilizzati dal personale).<\/span><\/p>\n<p><span style=\"font-weight: 400;\">In ogni caso, il Titolare tratta i dati solo nella misura necessaria alla corretta gestione della pratica ed alla restituzione, nel rispetto di minimizzazione e limitazione della conservazione.<\/span><\/p>\n<p><b>4. FONTE DEI DATI (artt. 13 e 14 GDPR)<\/b><\/p>\n<p><span style=\"font-weight: 400;\">I dati possono essere raccolti:<\/span><\/p>\n<ul>\n<li aria-level=\"1\"><span style=\"font-weight: 400;\">direttamente dall\u2019interessato (es. quando compila la segnalazione di smarrimento o richiede la restituzione);<\/span><\/li>\n<li aria-level=\"1\"><span style=\"font-weight: 400;\">da terzi (es. addetti di negozi, personale di sicurezza, altri clienti che consegnano l\u2019oggetto);<\/span><\/li>\n<li aria-level=\"1\"><span style=\"font-weight: 400;\">dall\u2019oggetto rinvenuto (es. dati presenti su documenti o tessere contenute nell\u2019oggetto).<\/span><\/li>\n<\/ul>\n<p><span style=\"font-weight: 400;\">Quando i dati non sono raccolti presso l\u2019interessato (art. 14), il Titolare fornisce l\u2019informativa:<\/span><\/p>\n<ul>\n<li aria-level=\"1\"><span style=\"font-weight: 400;\">al primo contatto utile con l\u2019interessato (es. quando lo contatta per la restituzione), oppure<\/span><\/li>\n<li aria-level=\"1\"><span style=\"font-weight: 400;\">tramite pubblicazione sul sito o messa a disposizione presso l\u2019infopoint.<\/span><\/li>\n<\/ul>\n<p><b>5. FINALITA\u2019 E BASE GIURIDICA DEL TRATTAMENTO<\/b><\/p>\n<p><span style=\"font-weight: 400;\">Il Titolare tratta i dati per le seguenti finalit\u00e0:<\/span><\/p>\n<p><b>A) Gestire la segnalazione di smarrimento e contattare il segnalante in caso di ritrovamento<\/b><\/p>\n<p><span style=\"font-weight: 400;\">Base giuridica: art. 6, par. 1, lett. b) GDPR (gestione della richiesta dell\u2019interessato).<\/span><\/p>\n<p><b>B) Gestire oggetti rinvenuti e restituirli al legittimo proprietario<\/b><\/p>\n<p><span style=\"font-weight: 400;\">Base giuridica: art. 6, par. 1, lett. f) GDPR (legittimo interesse alla restituzione dei beni, tutela del proprietario e del Centro; prevenzione frodi\/contestazioni); art. 6, par. 1, lett. c) GDPR (adempimento di obblighi normativi connessi alla gestione delle \u201ccose ritrovate\u201d e alla collaborazione con l\u2019Autorit\u00e0 competente, ove applicabile).&nbsp;<\/span><\/p>\n<p><b>C) Documentare la restituzione e chiudere la pratica; gestire eventuali contenziosi<\/b><\/p>\n<p><span style=\"font-weight: 400;\">Base giuridica: art. 6, par. 1, lett. f) GDPR (prevenzione frodi e tutela in caso di contestazioni) e, se del caso, art. 6, par. 1, lett. c) GDPR.<\/span><\/p>\n<p><b>D) Trasferire gli oggetti non reclamati all\u2019Autorit\u00e0\/Ufficio competente<\/b><\/p>\n<p><span style=\"font-weight: 400;\">Base giuridica: art. 6, par. 1, lett. c) GDPR (obbligo legale) e\/o art. 6, par. 1, lett. f) GDPR (legittimo interesse alla corretta gestione e tracciabilit\u00e0).&nbsp;<\/span><\/p>\n<p><b>6. NATURA DEL CONFERIMENTO DEI DATI<\/b><\/p>\n<p><span style=\"font-weight: 400;\">Il conferimento dei dati \u00e8 facoltativo, ma:<\/span><\/p>\n<ul>\n<li style=\"font-weight: 400;\" aria-level=\"1\"><span style=\"font-weight: 400;\">per la segnalazione di smarrimento, l\u2019assenza di dati di contatto pu\u00f2 impedire al Titolare di ricontattare l\u2019interessato;<\/span><\/li>\n<li style=\"font-weight: 400;\" aria-level=\"1\"><span style=\"font-weight: 400;\">per la restituzione, l\u2019assenza delle informazioni necessarie a verificare identit\u00e0\/legittimazione pu\u00f2 impedire la riconsegna dell\u2019oggetto.<\/span><\/li>\n<\/ul>\n<p><b>7. MODALITA\u2019 DI TRATTAMENTO DEI DATI<\/b><\/p>\n<p><span style=\"font-weight: 400;\">I dati sono trattati da personale autorizzato con strumenti cartacei e\/o informatici, con misure adeguate a garantire riservatezza e integrit\u00e0.<\/span><\/p>\n<p><span style=\"font-weight: 400;\">In particolare:<\/span><\/p>\n<ul>\n<li aria-level=\"1\"><span style=\"font-weight: 400;\">accesso ai locali\/armadi di custodia e ai registri limitato al personale autorizzato;<\/span><\/li>\n<li aria-level=\"1\"><span style=\"font-weight: 400;\">divieto di \u201ccuriosare\u201d negli oggetti o accedere ai dispositivi elettronici (es. sblocco smartphone);<\/span><\/li>\n<li aria-level=\"1\"><span style=\"font-weight: 400;\">registrazione di informazioni minime e pertinenti.<\/span><\/li>\n<\/ul>\n<p><b>8. TRASFERIMENTO DEI DATI PERSONALI<\/b><\/p>\n<p><span style=\"font-weight: 400;\">I dati degli interessati non sono trasferiti fuori dall\u2019Unione Europea. <\/span><span style=\"font-weight: 400;\">Qualora si dovessero verificare trasferimenti al di fuori dello spazio economico europeo, detti trasferimenti si baseranno alternativamente su una decisione di adeguatezza o sulle Standard Model Clauses approvate dalla Commissione Europea.&nbsp;<\/span><\/p>\n<p><b>&nbsp;DESTINATARI DEI DATI<\/b><\/p>\n<p><span style=\"font-weight: 400;\">I dati possono essere comunicati, nei limiti strettamente necessari, a:<\/span><\/p>\n<ul>\n<li style=\"font-weight: 400;\" aria-level=\"1\"><span style=\"font-weight: 400;\">personale interno autorizzato (Infopoint, Portierato\/Security, Direzione);<\/span><\/li>\n<li style=\"font-weight: 400;\" aria-level=\"1\"><span style=\"font-weight: 400;\">eventuali fornitori che supportano la gestione (es. societ\u00e0 di sicurezza, fornitori IT), in qualit\u00e0 di responsabili del trattamento;<\/span><\/li>\n<li style=\"font-weight: 400;\" aria-level=\"1\"><span style=\"font-weight: 400;\">Autorit\u00e0 pubbliche\/Uffici competenti (es. Polizia Municipale\/Ufficio oggetti rinvenuti) in caso di trasferimento, richieste o necessit\u00e0 di sicurezza.<\/span><\/li>\n<\/ul>\n<p><b>10. DIRITTI DEGLI INTERESSATI<\/b><\/p>\n<p><span style=\"font-weight: 400;\">L\u2019interessato potr\u00e0, in qualsiasi momento, esercitare i diritti di cui agli artt. 15 e ss. Regolamento UE 2016\/679:&nbsp;<\/span><\/p>\n<ul>\n<li style=\"font-weight: 400;\" aria-level=\"1\"><span style=\"font-weight: 400;\">ottenere la conferma o meno dell\u2019esistenza di dati personali che lo riguardano;<\/span><\/li>\n<li style=\"font-weight: 400;\" aria-level=\"1\"><span style=\"font-weight: 400;\">ottenere l\u2019accesso ai dati personali e di ottenere le informazioni di cui all\u2019art. 15 Regolamento UE 2016\/679;&nbsp;<\/span><\/li>\n<li style=\"font-weight: 400;\" aria-level=\"1\"><span style=\"font-weight: 400;\">ottenere l\u2019aggiornamento, l\u2019integrazione, la rettifica o la cancellazione dei dati nei limiti previsti dalla normativa;<\/span><\/li>\n<li style=\"font-weight: 400;\" aria-level=\"1\"><span style=\"font-weight: 400;\">ottenere la limitazione del trattamento dei dati (nei casi previsti dall\u2019art. 18 Regolamento UE 2016\/679);<\/span><\/li>\n<li style=\"font-weight: 400;\" aria-level=\"1\"><span style=\"font-weight: 400;\">opporsi al trattamento per motivi connessi alla situazione particolare (nei limiti previsti dall\u2019art. 21 Regolamento UE 2016\/679);&nbsp;<\/span><\/li>\n<li style=\"font-weight: 400;\" aria-level=\"1\"><span style=\"font-weight: 400;\">diritto alla portabilit\u00e0 dei dati (nei casi previsti dall\u2019art. 20 Regolamento UE 2016\/679).<\/span><\/li>\n<\/ul>\n<p><span style=\"font-weight: 400;\">L\u2019interessato ha altres\u00ec diritto di proporre reclamo al Garante per la protezione dei dati personali (art. 77 Regolamento UE 2016\/679).&nbsp;<\/span><\/p>\n<p><span style=\"font-weight: 400;\">Per esercitare i diritti di cui sopra \u00e8 necessario contattare il titolare all&#8217;indirizzo e-mail <\/span><span style=\"text-decoration: underline;\"><a href=\"mailto:privacy@mondovicino.it\"><span style=\"font-weight: 400;\">privacy@mondovicino.it<\/span><\/a><\/span><span style=\"font-weight: 400;\">, oppure all&#8217;indirizzo della sua sede legale.<\/span><\/p>\n<p><span style=\"font-weight: 400;\">Per fornire una risposta potrebbe essere necessario identificare gli interessati mediante richiesta di fornire copia del loro documento d&#8217;identit\u00e0. Il titolare fornir\u00e0 un riscontro scritto senza ingiustificato ritardo e, comunque, non pi\u00f9 tardi di un mese dal ricevimento della richiesta stessa.&nbsp;<\/span><\/p>\n<p><b>11. AGGIORNAMENTI<\/b><\/p>\n<p><span style=\"font-weight: 400;\">La presente privacy policy pu\u00f2 subire modifiche e\/o integrazioni a seguito di eventuali successive modifiche organizzative del Titolare e\/o legislative. <\/span><span style=\"font-weight: 400;\">Eventuali modifiche verranno pubblicate sul Sito.<\/span><\/p>\n<p><span style=\"font-weight: 400;\">Ultimo aggiornamento febbraio 2026<\/span><\/p>\t\t\t\t\t\t\t\t<\/div>\n\t\t\t\t<\/div>\n\t\t\t\t\t<\/div>\n\t\t<\/div>\n\t\t\t\t\t<\/div>\n\t\t<\/section>\n\t\t\t\t<\/div>\n\t\t","protected":false},"excerpt":{"rendered":"<p>Informativa Privacy \u2013 Oggetti smarriti o ritrovati (ai sensi degli artt. 13 e 14 Regolamento europeo 2016\/679) Home 1. TITOLARE DEL TRATTAMENTO &#8211; RESPONSABILE DELLA PROTEZIONE DEI DATI (DPO) E RESPONSABILE DEL TRATTAMENTO&nbsp; Il Titolare del trattamento dei dati personali \u00e8 Tavolera S.r.l. (C.F. e P.IVA 02809110048), in persona del legale rappresentante pro tempore, con [&hellip;]<\/p>\n","protected":false},"author":4,"featured_media":0,"parent":50122,"menu_order":0,"comment_status":"closed","ping_status":"closed","template":"","meta":{"_acf_changed":false,"footnotes":"","_links_to":"","_links_to_target":""},"class_list":["post-50143","page","type-page","status-publish","hentry"],"acf":[],"aioseo_notices":[],"publishpress_future_action":{"enabled":false,"date":"2026-04-10 23:53:30","action":"change-status","newStatus":"draft","terms":[],"taxonomy":"translation_priority","extraData":[]},"publishpress_future_workflow_manual_trigger":{"enabledWorkflows":[]},"_links":{"self":[{"href":"https:\/\/mondovicino.it\/it\/wp-json\/wp\/v2\/pages\/50143","targetHints":{"allow":["GET"]}}],"collection":[{"href":"https:\/\/mondovicino.it\/it\/wp-json\/wp\/v2\/pages"}],"about":[{"href":"https:\/\/mondovicino.it\/it\/wp-json\/wp\/v2\/types\/page"}],"author":[{"embeddable":true,"href":"https:\/\/mondovicino.it\/it\/wp-json\/wp\/v2\/users\/4"}],"replies":[{"embeddable":true,"href":"https:\/\/mondovicino.it\/it\/wp-json\/wp\/v2\/comments?post=50143"}],"version-history":[{"count":14,"href":"https:\/\/mondovicino.it\/it\/wp-json\/wp\/v2\/pages\/50143\/revisions"}],"predecessor-version":[{"id":50171,"href":"https:\/\/mondovicino.it\/it\/wp-json\/wp\/v2\/pages\/50143\/revisions\/50171"}],"up":[{"embeddable":true,"href":"https:\/\/mondovicino.it\/it\/wp-json\/wp\/v2\/pages\/50122"}],"wp:attachment":[{"href":"https:\/\/mondovicino.it\/it\/wp-json\/wp\/v2\/media?parent=50143"}],"curies":[{"name":"wp","href":"https:\/\/api.w.org\/{rel}","templated":true}]}}